{"id":6791,"date":"2021-10-20T14:55:11","date_gmt":"2021-10-20T13:55:11","guid":{"rendered":"https:\/\/cemolimpia.com\/coneix-nos\/"},"modified":"2025-06-17T12:38:45","modified_gmt":"2025-06-17T11:38:45","slug":"conocenos-cem-olimpia","status":"publish","type":"page","link":"https:\/\/cemolimpia.com\/es\/conocenos-cem-olimpia\/","title":{"rendered":"Con\u00f3cenos"},"content":{"rendered":"<div class=\"wpb-content-wrapper\"><p>[vc_row full_width=\u00bbstretch_row_content_no_spaces\u00bb css=\u00bb.vc_custom_1680104935105{background-image: url(https:\/\/cemolimpia.com\/wp-content\/uploads\/sites\/32\/2023\/03\/coneix-nos-olimpia.webp?id=11110) !important;background-position: center !important;background-repeat: no-repeat !important;background-size: cover !important;}\u00bb][vc_column offset=\u00bbvc_hidden-xs\u00bb][vc_custom_heading text=\u00bbConoce el CEM Ol\u00edmpia\u00bb font_container=\u00bbtag:h1|font_size:50px|text_align:center|color:%23ffffff|line_height:60px\u00bb use_theme_fonts=\u00bbyes\u00bb css=\u00bb.vc_custom_1683554708130{padding-top: 151px !important;padding-bottom: 160px !important;}\u00bb][\/vc_column][\/vc_row][vc_row full_width=\u00bbstretch_row_content_no_spaces\u00bb css=\u00bb.vc_custom_1680104948875{background-image: url(https:\/\/cemolimpia.com\/wp-content\/uploads\/sites\/32\/2023\/03\/coneix-nos-olimpia.webp?id=11110) !important;background-position: center !important;background-repeat: no-repeat !important;background-size: cover !important;}\u00bb][vc_column offset=\u00bbvc_hidden-lg vc_hidden-md vc_hidden-sm\u00bb css=\u00bb.vc_custom_1678193107420{margin-bottom: -10px !important;}\u00bb][vc_column_text css=\u00bb.vc_custom_1683554721128{padding-top: 68px !important;padding-bottom: 68px !important;}\u00bb]<\/p>\n<p style=\"text-align: center; font-family: Roboto; font-size: 35px; line-height: 40px;\"><span style=\"color: #ffffff;\"><strong>Conoce el CEM Ol\u00edmpia<\/strong><\/span><\/p>\n<p>[\/vc_column_text][\/vc_column][\/vc_row][vc_row css=\u00bb.vc_custom_1680105020100{margin-top: 15px !important;}\u00bb][vc_column width=\u00bb1\/2&#8243;][vc_column_text css=\u00bb.vc_custom_1698170083803{margin-bottom: 15px !important;}\u00bb]El CEM Ol\u00edmpia est\u00e1 situado en el barrio de <span class=\"st\">Sant Mart\u00ed-Poblenou. Somos especialistas y amantes del p<\/span><span class=\"st\">\u00e1del y del tenis, dos deportes de raqueta con un gran n\u00famero de practicantes: si te apasionan, ven a conocernos.<\/span><\/p>\n<p>&nbsp;<\/p>\n<h2>Pistas de p\u00e1del y tenis<\/h2>\n<p>En el CEM Ol\u00edmpia dispones de 5 pistas de p\u00e1del, 4 pistas de tenis en tierra batida y 2 pistas de GreenSet.<\/p>\n<p>&nbsp;<\/p>\n<h2>Reserva tu pista de p\u00e1del y de tenis<\/h2>\n<p>Divi\u00e9rtete jugando un partido de p\u00e1del o tenis en una de las pistas del CEM Ol\u00edmpia. Desde nuestra p\u00e1gina web puedes hacer tu <strong><a href=\"https:\/\/cemolimpia.com\/es\/padel-barcelona\/\">reserva de pista,<\/a><\/strong>\u00a0buscar partidas abiertas e incluso informarte de las \u00faltimas novedades.<\/p>\n<p>Adem\u00e1s, puedes <strong><a href=\"https:\/\/cemolimpia.com\/es\/tenis-barcelona\/\">descargarte aqu\u00ed nuestra APP<\/a><\/strong> y hacer todas estas operaciones desde tu m\u00f3vil de una manera m\u00e1s r\u00e1pida e intuitiva.<\/p>\n<p>&nbsp;<\/p>\n<h2>Calendario de actividades<\/h2>\n<p>Podr\u00e1s consultar las americanas, los torneos y los encuentros de nuestra escuela. <strong><a href=\"https:\/\/cemolimpia.com\/es\/ligas-padel\/\">Descubre el calendario de eventos de p\u00e1del<\/a>\u00a0<\/strong>y de <strong><a href=\"https:\/\/cemolimpia.com\/es\/ranking-tenis\/\">tenis.<\/a><\/strong><\/p>\n<p>&nbsp;<\/p>\n<h2>Escuela de tenis y p\u00e1del<\/h2>\n<p>Abierta a todos los p\u00fablicos (ni\u00f1os, j\u00f3venes y adultos) y con diferentes niveles. Aprender\u00e1s y mejorar\u00e1s tu t\u00e9cnica con los mejores instructores especializados en los deportes de raqueta. Descubre m\u00e1s sobre nuestra escuela de <a href=\"https:\/\/cemolimpia.com\/es\/cursos-de-tenis-escuela\/\"><strong>tenis<\/strong><\/a> o de <strong><a href=\"https:\/\/cemolimpia.com\/es\/cursos-de-padel-escuela\/\">p\u00e1del.<\/a><\/strong><\/p>\n<h2><\/h2>\n<p>&nbsp;<\/p>\n<h2>Alquiler de toallas y material deportivo<\/h2>\n<p>Disponemos del servicio de alquiler de toalla y de material de p\u00e1del y tenis.<\/p>\n<p>&nbsp;<\/p>\n<h2>CEM Ol\u00edmpia: Servicio de cafeter\u00eda<\/h2>\n<p>Si quieres realizar alguna reserva, puedes contactar con el servicio de cafeter\u00eda Bonna Boca llamando al tel\u00e9fono 34 622 28 99 67.[\/vc_column_text][\/vc_column][vc_column width=\u00bb1\/2&#8243;][vc_single_image image=\u00bb9752&#8243; img_size=\u00bbfull\u00bb][vc_single_image image=\u00bb11370&#8243; img_size=\u00bbfull\u00bb][vc_single_image image=\u00bb9754&#8243; img_size=\u00bbfull\u00bb][\/vc_column][\/vc_row][vc_row disable_element=\u00bbyes\u00bb][vc_column][vc_column_text]<\/p>\n<h2>CEM Ol\u00edmpia: Servicio de cafeter\u00eda<\/h2>\n<p>CEM Ol\u00edmpia ofrece servicio cafeter\u00eda de la mano de la empresa <a href=\"http:\/\/www.endermar.com\/es\" target=\"_blank\" rel=\"noopener\">Endermar<\/a>[\/vc_column_text][\/vc_column][\/vc_row]<\/p>\n<\/div>","protected":false},"excerpt":{"rendered":"<p>[vc_row full_width=\u00bbstretch_row_content_no_spaces\u00bb css=\u00bb.vc_custom_1680104935105{background-image: url(https:\/\/cemolimpia.com\/wp-content\/uploads\/sites\/32\/2023\/03\/coneix-nos-olimpia.webp?id=11110) !important;background-position: center !important;background-repeat: no-repeat !important;background-size: cover !important;}\u00bb][vc_column offset=\u00bbvc_hidden-xs\u00bb][vc_custom_heading text=\u00bbConoce el CEM Ol\u00edmpia\u00bb font_container=\u00bbtag:h1|font_size:50px|text_align:center|color:%23ffffff|line_height:60px\u00bb use_theme_fonts=\u00bbyes\u00bb css=\u00bb.vc_custom_1683554708130{padding-top: 151px !important;padding-bottom: 160px !important;}\u00bb][\/vc_column][\/vc_row][vc_row full_width=\u00bbstretch_row_content_no_spaces\u00bb css=\u00bb.vc_custom_1680104948875{background-image: url(https:\/\/cemolimpia.com\/wp-content\/uploads\/sites\/32\/2023\/03\/coneix-nos-olimpia.webp?id=11110) !important;background-position: center !important;background-repeat: no-repeat !important;background-size: cover !important;}\u00bb][vc_column offset=\u00bbvc_hidden-lg vc_hidden-md vc_hidden-sm\u00bb css=\u00bb.vc_custom_1678193107420{margin-bottom: -10px !important;}\u00bb][vc_column_text css=\u00bb.vc_custom_1683554721128{padding-top: 68px !important;padding-bottom: 68px !important;}\u00bb] Conoce el CEM Ol\u00edmpia [\/vc_column_text][\/vc_column][\/vc_row][vc_row css=\u00bb.vc_custom_1680105020100{margin-top: 15px !important;}\u00bb][vc_column width=\u00bb1\/2&#8243;][vc_column_text css=\u00bb.vc_custom_1698170083803{margin-bottom: 15px&hellip;<\/p>\n","protected":false},"author":67,"featured_media":0,"parent":0,"menu_order":0,"comment_status":"closed","ping_status":"closed","template":"","meta":{"footnotes":""},"class_list":["post-6791","page","type-page","status-publish","hentry","description-off"],"yoast_head":"<!-- This site is optimized with the Yoast SEO plugin v26.8 - https:\/\/yoast.com\/product\/yoast-seo-wordpress\/ -->\n<title>CEM Ol\u00edmpia - El mejor tenis y p\u00e1del en el barrio de Sant Mart\u00ed-Poblenou<\/title>\n<meta name=\"description\" content=\"En el CEM Ol\u00edmpia somos especialistas y amantes del p\u00e1del y del tenis, dos deportes de raqueta con un gran n\u00famero de practicantes. Ven a conocernos.\" \/>\n<meta name=\"robots\" content=\"index, follow, max-snippet:-1, max-image-preview:large, max-video-preview:-1\" \/>\n<link rel=\"canonical\" href=\"https:\/\/cemolimpia.com\/es\/conocenos-cem-olimpia\/\" \/>\n<meta property=\"og:locale\" content=\"es_ES\" \/>\n<meta property=\"og:type\" content=\"article\" \/>\n<meta property=\"og:title\" content=\"CEM Ol\u00edmpia - El mejor tenis y p\u00e1del en el barrio de Sant Mart\u00ed-Poblenou\" \/>\n<meta property=\"og:description\" content=\"En el CEM Ol\u00edmpia somos especialistas y amantes del p\u00e1del y del tenis, dos deportes de raqueta con un gran n\u00famero de practicantes. Ven a conocernos.\" \/>\n<meta property=\"og:url\" content=\"https:\/\/cemolimpia.com\/es\/conocenos-cem-olimpia\/\" \/>\n<meta property=\"og:site_name\" content=\"CEM Ol\u00edmpia\" \/>\n<meta property=\"article:publisher\" content=\"https:\/\/www.facebook.com\/cem.olimpia\" \/>\n<meta property=\"article:modified_time\" content=\"2025-06-17T11:38:45+00:00\" \/>\n<meta name=\"twitter:card\" content=\"summary_large_image\" \/>\n<meta name=\"twitter:label1\" content=\"Tiempo de lectura\" \/>\n\t<meta name=\"twitter:data1\" content=\"3 minutos\" \/>\n<script type=\"application\/ld+json\" class=\"yoast-schema-graph\">{\"@context\":\"https:\/\/schema.org\",\"@graph\":[{\"@type\":\"WebPage\",\"@id\":\"https:\/\/cemolimpia.com\/es\/conocenos-cem-olimpia\/\",\"url\":\"https:\/\/cemolimpia.com\/es\/conocenos-cem-olimpia\/\",\"name\":\"CEM Ol\u00edmpia - El mejor tenis y p\u00e1del en el barrio de Sant Mart\u00ed-Poblenou\",\"isPartOf\":{\"@id\":\"https:\/\/cemolimpia.com\/es\/#website\"},\"datePublished\":\"2021-10-20T13:55:11+00:00\",\"dateModified\":\"2025-06-17T11:38:45+00:00\",\"description\":\"En el CEM Ol\u00edmpia somos especialistas y amantes del p\u00e1del y del tenis, dos deportes de raqueta con un gran n\u00famero de practicantes. Ven a conocernos.\",\"breadcrumb\":{\"@id\":\"https:\/\/cemolimpia.com\/es\/conocenos-cem-olimpia\/#breadcrumb\"},\"inLanguage\":\"es\",\"potentialAction\":[{\"@type\":\"ReadAction\",\"target\":[\"https:\/\/cemolimpia.com\/es\/conocenos-cem-olimpia\/\"]}]},{\"@type\":\"BreadcrumbList\",\"@id\":\"https:\/\/cemolimpia.com\/es\/conocenos-cem-olimpia\/#breadcrumb\",\"itemListElement\":[{\"@type\":\"ListItem\",\"position\":1,\"name\":\"Club de P\u00e1del Barcelona CEM Ol\u00edmpia\",\"item\":\"https:\/\/cemolimpia.com\/es\/\"},{\"@type\":\"ListItem\",\"position\":2,\"name\":\"Con\u00f3cenos\"}]},{\"@type\":\"WebSite\",\"@id\":\"https:\/\/cemolimpia.com\/es\/#website\",\"url\":\"https:\/\/cemolimpia.com\/es\/\",\"name\":\"CEM Ol\u00edmpia\",\"description\":\"CEM Ol\u00edmpia - Tenis i p\u00e0del a Barcelona\",\"publisher\":{\"@id\":\"https:\/\/cemolimpia.com\/es\/#organization\"},\"potentialAction\":[{\"@type\":\"SearchAction\",\"target\":{\"@type\":\"EntryPoint\",\"urlTemplate\":\"https:\/\/cemolimpia.com\/es\/?s={search_term_string}\"},\"query-input\":{\"@type\":\"PropertyValueSpecification\",\"valueRequired\":true,\"valueName\":\"search_term_string\"}}],\"inLanguage\":\"es\"},{\"@type\":\"Organization\",\"@id\":\"https:\/\/cemolimpia.com\/es\/#organization\",\"name\":\"CEM Ol\u00edmpia | Club de P\u00e1del Barcelona\",\"url\":\"https:\/\/cemolimpia.com\/es\/\",\"logo\":{\"@type\":\"ImageObject\",\"inLanguage\":\"es\",\"@id\":\"https:\/\/cemolimpia.com\/es\/#\/schema\/logo\/image\/\",\"url\":\"https:\/\/cemolimpia.com\/wp-content\/uploads\/sites\/32\/2022\/01\/logo-olimpia-horitzontal-online-web-desktop.png\",\"contentUrl\":\"https:\/\/cemolimpia.com\/wp-content\/uploads\/sites\/32\/2022\/01\/logo-olimpia-horitzontal-online-web-desktop.png\",\"width\":211,\"height\":76,\"caption\":\"CEM Ol\u00edmpia | Club de P\u00e1del Barcelona\"},\"image\":{\"@id\":\"https:\/\/cemolimpia.com\/es\/#\/schema\/logo\/image\/\"},\"sameAs\":[\"https:\/\/www.facebook.com\/cem.olimpia\",\"https:\/\/www.instagram.com\/cemolimpia\/\"]}]}<\/script>\n<!-- \/ Yoast SEO plugin. -->","yoast_head_json":{"title":"CEM Ol\u00edmpia - El mejor tenis y p\u00e1del en el barrio de Sant Mart\u00ed-Poblenou","description":"En el CEM Ol\u00edmpia somos especialistas y amantes del p\u00e1del y del tenis, dos deportes de raqueta con un gran n\u00famero de practicantes. Ven a conocernos.","robots":{"index":"index","follow":"follow","max-snippet":"max-snippet:-1","max-image-preview":"max-image-preview:large","max-video-preview":"max-video-preview:-1"},"canonical":"https:\/\/cemolimpia.com\/es\/conocenos-cem-olimpia\/","og_locale":"es_ES","og_type":"article","og_title":"CEM Ol\u00edmpia - El mejor tenis y p\u00e1del en el barrio de Sant Mart\u00ed-Poblenou","og_description":"En el CEM Ol\u00edmpia somos especialistas y amantes del p\u00e1del y del tenis, dos deportes de raqueta con un gran n\u00famero de practicantes. Ven a conocernos.","og_url":"https:\/\/cemolimpia.com\/es\/conocenos-cem-olimpia\/","og_site_name":"CEM Ol\u00edmpia","article_publisher":"https:\/\/www.facebook.com\/cem.olimpia","article_modified_time":"2025-06-17T11:38:45+00:00","twitter_card":"summary_large_image","twitter_misc":{"Tiempo de lectura":"3 minutos"},"schema":{"@context":"https:\/\/schema.org","@graph":[{"@type":"WebPage","@id":"https:\/\/cemolimpia.com\/es\/conocenos-cem-olimpia\/","url":"https:\/\/cemolimpia.com\/es\/conocenos-cem-olimpia\/","name":"CEM Ol\u00edmpia - El mejor tenis y p\u00e1del en el barrio de Sant Mart\u00ed-Poblenou","isPartOf":{"@id":"https:\/\/cemolimpia.com\/es\/#website"},"datePublished":"2021-10-20T13:55:11+00:00","dateModified":"2025-06-17T11:38:45+00:00","description":"En el CEM Ol\u00edmpia somos especialistas y amantes del p\u00e1del y del tenis, dos deportes de raqueta con un gran n\u00famero de practicantes. Ven a conocernos.","breadcrumb":{"@id":"https:\/\/cemolimpia.com\/es\/conocenos-cem-olimpia\/#breadcrumb"},"inLanguage":"es","potentialAction":[{"@type":"ReadAction","target":["https:\/\/cemolimpia.com\/es\/conocenos-cem-olimpia\/"]}]},{"@type":"BreadcrumbList","@id":"https:\/\/cemolimpia.com\/es\/conocenos-cem-olimpia\/#breadcrumb","itemListElement":[{"@type":"ListItem","position":1,"name":"Club de P\u00e1del Barcelona CEM Ol\u00edmpia","item":"https:\/\/cemolimpia.com\/es\/"},{"@type":"ListItem","position":2,"name":"Con\u00f3cenos"}]},{"@type":"WebSite","@id":"https:\/\/cemolimpia.com\/es\/#website","url":"https:\/\/cemolimpia.com\/es\/","name":"CEM Ol\u00edmpia","description":"CEM Ol\u00edmpia - Tenis i p\u00e0del a Barcelona","publisher":{"@id":"https:\/\/cemolimpia.com\/es\/#organization"},"potentialAction":[{"@type":"SearchAction","target":{"@type":"EntryPoint","urlTemplate":"https:\/\/cemolimpia.com\/es\/?s={search_term_string}"},"query-input":{"@type":"PropertyValueSpecification","valueRequired":true,"valueName":"search_term_string"}}],"inLanguage":"es"},{"@type":"Organization","@id":"https:\/\/cemolimpia.com\/es\/#organization","name":"CEM Ol\u00edmpia | Club de P\u00e1del Barcelona","url":"https:\/\/cemolimpia.com\/es\/","logo":{"@type":"ImageObject","inLanguage":"es","@id":"https:\/\/cemolimpia.com\/es\/#\/schema\/logo\/image\/","url":"https:\/\/cemolimpia.com\/wp-content\/uploads\/sites\/32\/2022\/01\/logo-olimpia-horitzontal-online-web-desktop.png","contentUrl":"https:\/\/cemolimpia.com\/wp-content\/uploads\/sites\/32\/2022\/01\/logo-olimpia-horitzontal-online-web-desktop.png","width":211,"height":76,"caption":"CEM Ol\u00edmpia | Club de P\u00e1del Barcelona"},"image":{"@id":"https:\/\/cemolimpia.com\/es\/#\/schema\/logo\/image\/"},"sameAs":["https:\/\/www.facebook.com\/cem.olimpia","https:\/\/www.instagram.com\/cemolimpia\/"]}]}},"_links":{"self":[{"href":"https:\/\/cemolimpia.com\/es\/wp-json\/wp\/v2\/pages\/6791","targetHints":{"allow":["GET"]}}],"collection":[{"href":"https:\/\/cemolimpia.com\/es\/wp-json\/wp\/v2\/pages"}],"about":[{"href":"https:\/\/cemolimpia.com\/es\/wp-json\/wp\/v2\/types\/page"}],"author":[{"embeddable":true,"href":"https:\/\/cemolimpia.com\/es\/wp-json\/wp\/v2\/users\/67"}],"replies":[{"embeddable":true,"href":"https:\/\/cemolimpia.com\/es\/wp-json\/wp\/v2\/comments?post=6791"}],"version-history":[{"count":0,"href":"https:\/\/cemolimpia.com\/es\/wp-json\/wp\/v2\/pages\/6791\/revisions"}],"wp:attachment":[{"href":"https:\/\/cemolimpia.com\/es\/wp-json\/wp\/v2\/media?parent=6791"}],"curies":[{"name":"wp","href":"https:\/\/api.w.org\/{rel}","templated":true}]}}