{"id":268,"date":"2016-10-27T08:54:57","date_gmt":"2016-10-27T08:54:57","guid":{"rendered":"http:\/\/cdmescuelassananton.cet10.com\/aviso-legal-copy\/"},"modified":"2025-11-26T17:09:12","modified_gmt":"2025-11-26T16:09:12","slug":"mapa-del-sitio","status":"publish","type":"page","link":"https:\/\/cemolimpia.com\/es\/mapa-del-sitio\/","title":{"rendered":"Mapa del sitio"},"content":{"rendered":"<div class=\"wpb-content-wrapper\"><p>[vc_row css=\u00bb.vc_custom_1661517575387{margin-top: -20px !important;}\u00bb][vc_column][vc_custom_heading text=\u00bbMapa del sitio\u00bb font_container=\u00bbtag:h1|text_align:left\u00bb google_fonts=\u00bbfont_family:Roboto%3A100%2C100italic%2C300%2C300italic%2Cregular%2Citalic%2C500%2C500italic%2C700%2C700italic%2C900%2C900italic|font_style:700%20bold%20regular%3A700%3Anormal\u00bb][vc_separator][\/vc_column][\/vc_row][vc_row css=\u00bb.vc_custom_1698241761874{padding-top: 10px !important;padding-bottom: 10px !important;background-color: #f7f7f7 !important;background-position: center !important;background-repeat: no-repeat !important;background-size: cover !important;}\u00bb][vc_column width=\u00bb1\/3&#8243;][vc_column_text 0=\u00bb\u00bb]<a href=\"https:\/\/cemolimpia.com\/es\/\">Inicio<\/a><\/p>\n<p><a href=\"https:\/\/cemolimpia.com\/es\/padel-barcelona\/\">Reserva pista p\u00e1del\u00a0<\/a><\/p>\n<p><a href=\"https:\/\/cemolimpia.com\/es\/clases-padel\/\">Clases de p\u00e1del<\/a><\/p>\n<p><a href=\"https:\/\/cemolimpia.com\/es\/ligas-padel\/\">Americanas y torneos de p\u00e1del<\/a><\/p>\n<p><a href=\"https:\/\/cemolimpia.com\/es\/cursos-de-padel-escuela\/\">Escuela adultos p\u00e1del<\/a><\/p>\n<p><a href=\"https:\/\/cemolimpia.com\/es\/extraescolar-padel\/\">Escuela infantil p\u00e1del<\/a><\/p>\n<p><a href=\"https:\/\/cemolimpia.com\/es\/entrenador-personal\/\">Profesor\/a particular p\u00e1del<\/a><\/p>\n<p><a href=\"https:\/\/cemolimpia.com\/es\/tenis-barcelona\/\">Reserva pista tenis<\/a><\/p>\n<p><a href=\"https:\/\/cemolimpia.com\/es\/clases-tenis\/\">Clases de tenis<\/a>[\/vc_column_text][\/vc_column][vc_column width=\u00bb1\/3&#8243;][vc_column_text 0=\u00bb\u00bb]<a href=\"https:\/\/cemolimpia.com\/es\/ranking-tenis\/\">Ligas de tenis<\/a><\/p>\n<p><a href=\"https:\/\/cemolimpia.com\/es\/reserva-pista-tierra-batida\/\">Pista de tierra batida<\/a><\/p>\n<p><a href=\"https:\/\/cemolimpia.com\/es\/cursos-de-tenis-escuela\/\">Escuela adultos tenis\u00a0<\/a><\/p>\n<p><a href=\"https:\/\/cemolimpia.com\/es\/clases-de-tenis\/\">Escuela infantil tenis\u00a0<\/a><\/p>\n<p><a href=\"https:\/\/cemolimpia.com\/es\/clases-particulares-tenis\/\">Clases particulares tenis<\/a><\/p>\n<p><a href=\"https:\/\/cemolimpia.com\/es\/area-de-clientes\/\">\u00c1rea cliente<\/a><\/p>\n<p><a href=\"https:\/\/cemolimpia.com\/es\/conocenos-cem-olimpia\/\">Con\u00f3cenos<\/a><\/p>\n<p><a href=\"https:\/\/cemolimpia.com\/es\/contacto\/\">Contacto<\/a><\/p>\n<p><a href=\"https:\/\/cemolimpia.com\/es\/trabaja-con-nosotros\/\">Trabaja con nosotros<\/a>[\/vc_column_text][\/vc_column][vc_column width=\u00bb1\/3&#8243;][vc_column_text 0=\u00bb\u00bb css=\u00bb\u00bb]<a href=\"https:\/\/cemolimpia.com\/es\/politica-privacidad\/\">Pol\u00edtica de privacidad<\/a><\/p>\n<p><a href=\"https:\/\/cemolimpia.com\/es\/politica-de-cookies\/\">Pol\u00edtica de cookies<\/a><\/p>\n<p><a href=\"https:\/\/cemolimpia.com\/politica-de-vendes-i-devolucions\/\">Pol\u00edtica de ventas y devoluciones<\/a><\/p>\n<p><a href=\"https:\/\/cemolimpia.com\/es\/aviso-legal\/\">Aviso legal<\/a>[\/vc_column_text][\/vc_column][\/vc_row]<\/p>\n<\/div>","protected":false},"excerpt":{"rendered":"<p>[vc_row css=\u00bb.vc_custom_1661517575387{margin-top: -20px !important;}\u00bb][vc_column][vc_custom_heading text=\u00bbMapa del sitio\u00bb font_container=\u00bbtag:h1|text_align:left\u00bb google_fonts=\u00bbfont_family:Roboto%3A100%2C100italic%2C300%2C300italic%2Cregular%2Citalic%2C500%2C500italic%2C700%2C700italic%2C900%2C900italic|font_style:700%20bold%20regular%3A700%3Anormal\u00bb][vc_separator][\/vc_column][\/vc_row][vc_row css=\u00bb.vc_custom_1698241761874{padding-top: 10px !important;padding-bottom: 10px !important;background-color: #f7f7f7 !important;background-position: center !important;background-repeat: no-repeat !important;background-size: cover !important;}\u00bb][vc_column width=\u00bb1\/3&#8243;][vc_column_text 0=\u00bb\u00bb]Inicio Reserva pista p\u00e1del\u00a0 Clases de p\u00e1del Americanas y torneos de p\u00e1del Escuela adultos p\u00e1del Escuela infantil p\u00e1del Profesor\/a particular p\u00e1del Reserva pista tenis Clases de tenis[\/vc_column_text][\/vc_column][vc_column width=\u00bb1\/3&#8243;][vc_column_text 0=\u00bb\u00bb]Ligas de tenis Pista&hellip;<\/p>\n","protected":false},"author":4,"featured_media":0,"parent":0,"menu_order":0,"comment_status":"closed","ping_status":"closed","template":"","meta":{"footnotes":""},"class_list":["post-268","page","type-page","status-publish","hentry","description-off"],"yoast_head":"<!-- This site is optimized with the Yoast SEO plugin v26.8 - https:\/\/yoast.com\/product\/yoast-seo-wordpress\/ -->\n<title>Mapa del sitio - CEM Ol\u00edmpia - Tenis y p\u00e1del en Sant Mart\u00ed<\/title>\n<meta name=\"description\" content=\"Consulta nuestro mapa del sitio para visitar nuestras p\u00e1ginas como la escuela de p\u00e1del o tenis, reserva de pistas, servicios, contacto, ...\" \/>\n<meta name=\"robots\" content=\"index, nofollow, max-snippet:-1, max-image-preview:large, max-video-preview:-1\" \/>\n<link rel=\"canonical\" href=\"https:\/\/cemolimpia.com\/es\/mapa-del-sitio\/\" \/>\n<meta property=\"og:locale\" content=\"es_ES\" \/>\n<meta property=\"og:type\" content=\"article\" \/>\n<meta property=\"og:title\" content=\"Mapa del sitio - CEM Ol\u00edmpia - Tenis y p\u00e1del en Sant Mart\u00ed\" \/>\n<meta property=\"og:description\" content=\"Consulta nuestro mapa del sitio para visitar nuestras p\u00e1ginas como la escuela de p\u00e1del o tenis, reserva de pistas, servicios, contacto, ...\" \/>\n<meta property=\"og:url\" content=\"https:\/\/cemolimpia.com\/es\/mapa-del-sitio\/\" \/>\n<meta property=\"og:site_name\" content=\"CEM Ol\u00edmpia\" \/>\n<meta property=\"article:publisher\" content=\"https:\/\/www.facebook.com\/cem.olimpia\" \/>\n<meta property=\"article:modified_time\" content=\"2025-11-26T16:09:12+00:00\" \/>\n<meta name=\"twitter:card\" content=\"summary_large_image\" \/>\n<meta name=\"twitter:label1\" content=\"Tiempo de lectura\" \/>\n\t<meta name=\"twitter:data1\" content=\"1 minuto\" \/>\n<script type=\"application\/ld+json\" class=\"yoast-schema-graph\">{\"@context\":\"https:\/\/schema.org\",\"@graph\":[{\"@type\":\"WebPage\",\"@id\":\"https:\/\/cemolimpia.com\/es\/mapa-del-sitio\/\",\"url\":\"https:\/\/cemolimpia.com\/es\/mapa-del-sitio\/\",\"name\":\"Mapa del sitio - CEM Ol\u00edmpia - Tenis y p\u00e1del en Sant Mart\u00ed\",\"isPartOf\":{\"@id\":\"https:\/\/cemolimpia.com\/es\/#website\"},\"datePublished\":\"2016-10-27T08:54:57+00:00\",\"dateModified\":\"2025-11-26T16:09:12+00:00\",\"description\":\"Consulta nuestro mapa del sitio para visitar nuestras p\u00e1ginas como la escuela de p\u00e1del o tenis, reserva de pistas, servicios, contacto, ...\",\"breadcrumb\":{\"@id\":\"https:\/\/cemolimpia.com\/es\/mapa-del-sitio\/#breadcrumb\"},\"inLanguage\":\"es\",\"potentialAction\":[{\"@type\":\"ReadAction\",\"target\":[\"https:\/\/cemolimpia.com\/es\/mapa-del-sitio\/\"]}]},{\"@type\":\"BreadcrumbList\",\"@id\":\"https:\/\/cemolimpia.com\/es\/mapa-del-sitio\/#breadcrumb\",\"itemListElement\":[{\"@type\":\"ListItem\",\"position\":1,\"name\":\"Club de P\u00e1del Barcelona CEM Ol\u00edmpia\",\"item\":\"https:\/\/cemolimpia.com\/es\/\"},{\"@type\":\"ListItem\",\"position\":2,\"name\":\"Mapa del sitio\"}]},{\"@type\":\"WebSite\",\"@id\":\"https:\/\/cemolimpia.com\/es\/#website\",\"url\":\"https:\/\/cemolimpia.com\/es\/\",\"name\":\"CEM Ol\u00edmpia\",\"description\":\"CEM Ol\u00edmpia - Tenis i p\u00e0del a Barcelona\",\"publisher\":{\"@id\":\"https:\/\/cemolimpia.com\/es\/#organization\"},\"potentialAction\":[{\"@type\":\"SearchAction\",\"target\":{\"@type\":\"EntryPoint\",\"urlTemplate\":\"https:\/\/cemolimpia.com\/es\/?s={search_term_string}\"},\"query-input\":{\"@type\":\"PropertyValueSpecification\",\"valueRequired\":true,\"valueName\":\"search_term_string\"}}],\"inLanguage\":\"es\"},{\"@type\":\"Organization\",\"@id\":\"https:\/\/cemolimpia.com\/es\/#organization\",\"name\":\"CEM Ol\u00edmpia | Club de P\u00e1del Barcelona\",\"url\":\"https:\/\/cemolimpia.com\/es\/\",\"logo\":{\"@type\":\"ImageObject\",\"inLanguage\":\"es\",\"@id\":\"https:\/\/cemolimpia.com\/es\/#\/schema\/logo\/image\/\",\"url\":\"https:\/\/cemolimpia.com\/wp-content\/uploads\/sites\/32\/2022\/01\/logo-olimpia-horitzontal-online-web-desktop.png\",\"contentUrl\":\"https:\/\/cemolimpia.com\/wp-content\/uploads\/sites\/32\/2022\/01\/logo-olimpia-horitzontal-online-web-desktop.png\",\"width\":211,\"height\":76,\"caption\":\"CEM Ol\u00edmpia | Club de P\u00e1del Barcelona\"},\"image\":{\"@id\":\"https:\/\/cemolimpia.com\/es\/#\/schema\/logo\/image\/\"},\"sameAs\":[\"https:\/\/www.facebook.com\/cem.olimpia\",\"https:\/\/www.instagram.com\/cemolimpia\/\"]}]}<\/script>\n<!-- \/ Yoast SEO plugin. -->","yoast_head_json":{"title":"Mapa del sitio - CEM Ol\u00edmpia - Tenis y p\u00e1del en Sant Mart\u00ed","description":"Consulta nuestro mapa del sitio para visitar nuestras p\u00e1ginas como la escuela de p\u00e1del o tenis, reserva de pistas, servicios, contacto, ...","robots":{"index":"index","follow":"nofollow","max-snippet":"max-snippet:-1","max-image-preview":"max-image-preview:large","max-video-preview":"max-video-preview:-1"},"canonical":"https:\/\/cemolimpia.com\/es\/mapa-del-sitio\/","og_locale":"es_ES","og_type":"article","og_title":"Mapa del sitio - CEM Ol\u00edmpia - Tenis y p\u00e1del en Sant Mart\u00ed","og_description":"Consulta nuestro mapa del sitio para visitar nuestras p\u00e1ginas como la escuela de p\u00e1del o tenis, reserva de pistas, servicios, contacto, ...","og_url":"https:\/\/cemolimpia.com\/es\/mapa-del-sitio\/","og_site_name":"CEM Ol\u00edmpia","article_publisher":"https:\/\/www.facebook.com\/cem.olimpia","article_modified_time":"2025-11-26T16:09:12+00:00","twitter_card":"summary_large_image","twitter_misc":{"Tiempo de lectura":"1 minuto"},"schema":{"@context":"https:\/\/schema.org","@graph":[{"@type":"WebPage","@id":"https:\/\/cemolimpia.com\/es\/mapa-del-sitio\/","url":"https:\/\/cemolimpia.com\/es\/mapa-del-sitio\/","name":"Mapa del sitio - CEM Ol\u00edmpia - Tenis y p\u00e1del en Sant Mart\u00ed","isPartOf":{"@id":"https:\/\/cemolimpia.com\/es\/#website"},"datePublished":"2016-10-27T08:54:57+00:00","dateModified":"2025-11-26T16:09:12+00:00","description":"Consulta nuestro mapa del sitio para visitar nuestras p\u00e1ginas como la escuela de p\u00e1del o tenis, reserva de pistas, servicios, contacto, ...","breadcrumb":{"@id":"https:\/\/cemolimpia.com\/es\/mapa-del-sitio\/#breadcrumb"},"inLanguage":"es","potentialAction":[{"@type":"ReadAction","target":["https:\/\/cemolimpia.com\/es\/mapa-del-sitio\/"]}]},{"@type":"BreadcrumbList","@id":"https:\/\/cemolimpia.com\/es\/mapa-del-sitio\/#breadcrumb","itemListElement":[{"@type":"ListItem","position":1,"name":"Club de P\u00e1del Barcelona CEM Ol\u00edmpia","item":"https:\/\/cemolimpia.com\/es\/"},{"@type":"ListItem","position":2,"name":"Mapa del sitio"}]},{"@type":"WebSite","@id":"https:\/\/cemolimpia.com\/es\/#website","url":"https:\/\/cemolimpia.com\/es\/","name":"CEM Ol\u00edmpia","description":"CEM Ol\u00edmpia - Tenis i p\u00e0del a Barcelona","publisher":{"@id":"https:\/\/cemolimpia.com\/es\/#organization"},"potentialAction":[{"@type":"SearchAction","target":{"@type":"EntryPoint","urlTemplate":"https:\/\/cemolimpia.com\/es\/?s={search_term_string}"},"query-input":{"@type":"PropertyValueSpecification","valueRequired":true,"valueName":"search_term_string"}}],"inLanguage":"es"},{"@type":"Organization","@id":"https:\/\/cemolimpia.com\/es\/#organization","name":"CEM Ol\u00edmpia | Club de P\u00e1del Barcelona","url":"https:\/\/cemolimpia.com\/es\/","logo":{"@type":"ImageObject","inLanguage":"es","@id":"https:\/\/cemolimpia.com\/es\/#\/schema\/logo\/image\/","url":"https:\/\/cemolimpia.com\/wp-content\/uploads\/sites\/32\/2022\/01\/logo-olimpia-horitzontal-online-web-desktop.png","contentUrl":"https:\/\/cemolimpia.com\/wp-content\/uploads\/sites\/32\/2022\/01\/logo-olimpia-horitzontal-online-web-desktop.png","width":211,"height":76,"caption":"CEM Ol\u00edmpia | Club de P\u00e1del Barcelona"},"image":{"@id":"https:\/\/cemolimpia.com\/es\/#\/schema\/logo\/image\/"},"sameAs":["https:\/\/www.facebook.com\/cem.olimpia","https:\/\/www.instagram.com\/cemolimpia\/"]}]}},"_links":{"self":[{"href":"https:\/\/cemolimpia.com\/es\/wp-json\/wp\/v2\/pages\/268","targetHints":{"allow":["GET"]}}],"collection":[{"href":"https:\/\/cemolimpia.com\/es\/wp-json\/wp\/v2\/pages"}],"about":[{"href":"https:\/\/cemolimpia.com\/es\/wp-json\/wp\/v2\/types\/page"}],"author":[{"embeddable":true,"href":"https:\/\/cemolimpia.com\/es\/wp-json\/wp\/v2\/users\/4"}],"replies":[{"embeddable":true,"href":"https:\/\/cemolimpia.com\/es\/wp-json\/wp\/v2\/comments?post=268"}],"version-history":[{"count":1,"href":"https:\/\/cemolimpia.com\/es\/wp-json\/wp\/v2\/pages\/268\/revisions"}],"predecessor-version":[{"id":133017,"href":"https:\/\/cemolimpia.com\/es\/wp-json\/wp\/v2\/pages\/268\/revisions\/133017"}],"wp:attachment":[{"href":"https:\/\/cemolimpia.com\/es\/wp-json\/wp\/v2\/media?parent=268"}],"curies":[{"name":"wp","href":"https:\/\/api.w.org\/{rel}","templated":true}]}}