{"id":2511,"date":"2018-03-01T11:48:15","date_gmt":"2018-03-01T10:48:15","guid":{"rendered":"https:\/\/cemolimpia.com\/entrenador-personal\/"},"modified":"2025-07-24T11:14:42","modified_gmt":"2025-07-24T10:14:42","slug":"entrenador-personal","status":"publish","type":"page","link":"https:\/\/cemolimpia.com\/es\/entrenador-personal\/","title":{"rendered":"Clases particulares &#8211; Entrenador personal &#8211; P\u00e1del"},"content":{"rendered":"<div class=\"wpb-content-wrapper\"><p>[vc_row full_width=\u00bbstretch_row_content_no_spaces\u00bb css=\u00bb.vc_custom_1680161946618{background-image: url(https:\/\/cemolimpia.com\/wp-content\/uploads\/sites\/32\/2023\/03\/entrenador-personal-olimpia.webp?id=11123) !important;background-position: center !important;background-repeat: no-repeat !important;background-size: cover !important;}\u00bb][vc_column offset=\u00bbvc_hidden-xs\u00bb][vc_custom_heading text=\u00bbClases particulares de p\u00e1del\u00bb font_container=\u00bbtag:h1|font_size:50px|text_align:center|color:%23ffffff|line_height:60px\u00bb use_theme_fonts=\u00bbyes\u00bb css=\u00bb.vc_custom_1694684330000{padding-top: 151px !important;padding-bottom: 160px !important;}\u00bb][\/vc_column][\/vc_row][vc_row full_width=\u00bbstretch_row_content_no_spaces\u00bb css=\u00bb.vc_custom_1680161958450{background-image: url(https:\/\/cemolimpia.com\/wp-content\/uploads\/sites\/32\/2023\/03\/entrenador-personal-olimpia.webp?id=11123) !important;background-position: center !important;background-repeat: no-repeat !important;background-size: cover !important;}\u00bb][vc_column offset=\u00bbvc_hidden-lg vc_hidden-md vc_hidden-sm\u00bb css=\u00bb.vc_custom_1678193107420{margin-bottom: -10px !important;}\u00bb][vc_column_text css=\u00bb.vc_custom_1683557511053{padding-top: 68px !important;padding-bottom: 68px !important;}\u00bb]<\/p>\n<p style=\"text-align: center; font-family: Roboto; font-size: 35px; line-height: 40px;\"><span style=\"color: #ffffff;\"><strong>Consigue tus objetivos con entrenadores personales<\/strong><\/span><\/p>\n<p>[\/vc_column_text][\/vc_column][\/vc_row][vc_row gap=\u00bb35&#8243; css=\u00bb.vc_custom_1753352079137{margin-top: 20px !important;}\u00bb][vc_column width=\u00bb2\/3&#8243;][vc_custom_heading text=\u00bbRealiza clases particulares de p\u00e1del con nuestros entrenadores personales\u00bb use_theme_fonts=\u00bbyes\u00bb css=\u00bb.vc_custom_1753349533391{margin-top: -35px !important;margin-bottom: 15px !important;padding-top: 0px !important;padding-bottom: 0px !important;}\u00bb][vc_column_text css=\u00bb.vc_custom_1695988955462{margin-bottom: 30px !important;}\u00bb]El entrenador personal de p\u00e1del del CEM Ol\u00edmpia ser\u00e1 tu compa\u00f1ero\/a a la hora de lograr los resultados que esperas.<\/p>\n<p>Porque sabe lo que necesitas mejorar, porque te motiva cuando est\u00e1s a punto de tirar la toalla, porque hace que disfrutes el doble del p\u00e1del, porque crear\u00e1s una relaci\u00f3n de confianza\u2026 \u00a1hay un antes y un despu\u00e9s![\/vc_column_text][vc_custom_heading text=\u00bbJuntos lo conseguiremos\u00bb use_theme_fonts=\u00bbyes\u00bb css=\u00bb.vc_custom_1753349537774{margin-top: 10px !important;margin-bottom: 15px !important;padding-top: 0px !important;padding-bottom: 0px !important;}\u00bb][vc_column_text css=\u00bb\u00bb]Puedes elegir entre varias modalidades de entrenamiento, como la m\u00e1s b\u00e1sica, que consiste en una orientaci\u00f3n para tener los conocimientos b\u00e1sicos para ir por libre, o la modalidad de cita semanal con tu entrenador.<\/p>\n<p><strong>T\u00fa escoges tu programa en funci\u00f3n de tu nivel y tus necesidades.<\/strong> El entrenador te acompa\u00f1ar\u00e1 en todo momento. \u00bfTe apuntas?[\/vc_column_text][vc_row_inner css=\u00bb.vc_custom_1753349326644{margin-top: -15px !important;}\u00bb][vc_column_inner width=\u00bb1\/2&#8243; css=\u00bb.vc_custom_1753350970667{margin-top: 20px !important;}\u00bb el_id=\u00bbalbert\u00bb][vc_single_image image=\u00bb22130&#8243; img_size=\u00bb280&#215;280&#8243; alignment=\u00bbcenter\u00bb css=\u00bb\u00bb][vc_column_text css=\u00bb.vc_custom_1753349043730{margin-top: -20px !important;}\u00bb]<span style=\"font-size: 18pt;\">Albert<\/span>[\/vc_column_text][vc_separator css=\u00bb.vc_custom_1753256206492{margin-top: -35px !important;}\u00bb][\/vc_column_inner][vc_column_inner width=\u00bb1\/2&#8243; css=\u00bb.vc_custom_1753351042989{margin-top: 10px !important;}\u00bb][vc_single_image image=\u00bb22132&#8243; img_size=\u00bb280&#215;280&#8243; alignment=\u00bbcenter\u00bb css=\u00bb.vc_custom_1753351038570{margin-top: 10px !important;}\u00bb][vc_column_text css=\u00bb.vc_custom_1753349070377{margin-top: -20px !important;}\u00bb]<span style=\"font-size: 18pt;\">Ivan<\/span>[\/vc_column_text][vc_separator css=\u00bb.vc_custom_1753256206492{margin-top: -35px !important;}\u00bb][\/vc_column_inner][\/vc_row_inner][vc_row_inner css=\u00bb.vc_custom_1753351986347{margin-bottom: -20px !important;}\u00bb][vc_column_inner width=\u00bb1\/2&#8243; css=\u00bb.vc_custom_1753349319449{margin-top: 10px !important;}\u00bb][vc_single_image image=\u00bb129957&#8243; img_size=\u00bb250&#215;250&#8243; alignment=\u00bbcenter\u00bb css=\u00bb\u00bb][vc_column_text css=\u00bb.vc_custom_1753256195444{margin-top: -20px !important;}\u00bb]<span style=\"font-size: 18pt;\">Roger<\/span>[\/vc_column_text][vc_separator css=\u00bb.vc_custom_1753349267448{margin-top: -35px !important;}\u00bb][\/vc_column_inner][vc_column_inner width=\u00bb1\/2&#8243;][vc_single_image image=\u00bb22134&#8243; img_size=\u00bb280&#215;280&#8243; alignment=\u00bbcenter\u00bb css=\u00bb.vc_custom_1753349469207{margin-top: 10px !important;}\u00bb][vc_column_text css=\u00bb.vc_custom_1753349083994{margin-top: -20px !important;}\u00bb]<span style=\"font-size: 18pt;\">Victor<\/span>[\/vc_column_text][vc_separator css=\u00bb.vc_custom_1753349261921{margin-top: -35px !important;}\u00bb][\/vc_column_inner][\/vc_row_inner][\/vc_column][vc_column width=\u00bb1\/3&#8243; css=\u00bb.vc_custom_1753351854121{padding-top: 65px !important;padding-right: 30px !important;padding-bottom: 45px !important;padding-left: 30px !important;background-color: #f2f2f2 !important;}\u00bb][vc_column_text css=\u00bb.vc_custom_1753350840892{margin-bottom: 35px !important;}\u00bb]<span style=\"font-size: 34pt;\"><span style=\"color: #ff9900;\"><strong>\u00bfEmpezamos?<\/strong><\/span><\/span><\/p>\n<p>D\u00e9janos tu correo electr\u00f3nico y en breve nos pondremos en contacto contigo.[\/vc_column_text]\n<div class=\"wpcf7 no-js\" id=\"wpcf7-f2558-o1\" lang=\"es-ES\" dir=\"ltr\" data-wpcf7-id=\"2558\">\n<div class=\"screen-reader-response\"><p role=\"status\" aria-live=\"polite\" aria-atomic=\"true\"><\/p> <ul><\/ul><\/div>\n<form action=\"\/es\/wp-json\/wp\/v2\/pages\/2511#wpcf7-f2558-o1\" method=\"post\" class=\"wpcf7-form init wpcf7-acceptance-as-validation\" aria-label=\"Formulario de contacto\" novalidate=\"novalidate\" data-status=\"init\">\n<fieldset class=\"hidden-fields-container\"><input type=\"hidden\" name=\"_wpcf7\" value=\"2558\" \/><input type=\"hidden\" name=\"_wpcf7_version\" value=\"6.1.4\" \/><input type=\"hidden\" name=\"_wpcf7_locale\" value=\"es_ES\" \/><input type=\"hidden\" name=\"_wpcf7_unit_tag\" value=\"wpcf7-f2558-o1\" \/><input type=\"hidden\" name=\"_wpcf7_container_post\" value=\"0\" \/><input type=\"hidden\" name=\"_wpcf7_posted_data_hash\" value=\"\" \/>\n<\/fieldset>\n<p>Nombre y apellidos\n<\/p>\n<p><span class=\"wpcf7-form-control-wrap\" data-name=\"your-name\"><input size=\"40\" maxlength=\"400\" class=\"wpcf7-form-control wpcf7-text wpcf7-validates-as-required\" aria-required=\"true\" aria-invalid=\"false\" value=\"\" type=\"text\" name=\"your-name\" \/><\/span>\n<\/p>\n<p>Email\n<\/p>\n<p><span class=\"wpcf7-form-control-wrap\" data-name=\"your-email\"><input size=\"40\" maxlength=\"400\" class=\"wpcf7-form-control wpcf7-email wpcf7-validates-as-required wpcf7-text wpcf7-validates-as-email\" aria-required=\"true\" aria-invalid=\"false\" value=\"\" type=\"email\" name=\"your-email\" \/><\/span>\n<\/p>\n<p>Tel\u00e9fono\n<\/p>\n<p><span class=\"wpcf7-form-control-wrap\" data-name=\"tel-433\"><input size=\"40\" maxlength=\"9\" minlength=\"9\" class=\"wpcf7-form-control wpcf7-tel wpcf7-validates-as-required wpcf7-text wpcf7-validates-as-tel\" aria-required=\"true\" aria-invalid=\"false\" value=\"\" type=\"tel\" name=\"tel-433\" \/><\/span>\n<\/p>\n<p>Mensaje\n<\/p>\n<p><span class=\"wpcf7-form-control-wrap\" data-name=\"your-message\"><textarea cols=\"40\" rows=\"10\" maxlength=\"2000\" class=\"wpcf7-form-control wpcf7-textarea wpcf7-validates-as-required\" aria-required=\"true\" aria-invalid=\"false\" name=\"your-message\"><\/textarea><\/span>\n<\/p>\n<input class=\"wpcf7-form-control wpcf7-hidden\" value=\"\" type=\"hidden\" name=\"utm_source\" \/>\n<input class=\"wpcf7-form-control wpcf7-hidden\" value=\"\" type=\"hidden\" name=\"utm_medium\" \/>\n<input class=\"wpcf7-form-control wpcf7-hidden\" value=\"\" type=\"hidden\" name=\"utm_campaign\" \/>\n<input class=\"wpcf7-form-control wpcf7-hidden\" value=\"\" type=\"hidden\" name=\"utm_term\" \/>\n<input class=\"wpcf7-form-control wpcf7-hidden\" value=\"\" type=\"hidden\" name=\"utm_content\" \/>\n<div class=\"cf7-cf-turnstile\" style=\"margin-top: 0px; margin-bottom: -15px;\"> <div id=\"cf-turnstile-cf7-1845548126\" class=\"cf-turnstile\" data-sitekey=\"0x4AAAAAAA7bvMVw8osePlbS\" data-theme=\"light\" data-language=\"auto\" data-size=\"normal\" data-retry=\"auto\" data-retry-interval=\"1000\" data-refresh-expired=\"auto\" data-action=\"contact-form-7\" data-appearance=\"interaction-only\"><\/div> <script>document.addEventListener(\"DOMContentLoaded\", function() { setTimeout(function(){ var e=document.getElementById(\"cf-turnstile-cf7-1845548126\"); e&&!e.innerHTML.trim()&&(turnstile.remove(\"#cf-turnstile-cf7-1845548126\"), turnstile.render(\"#cf-turnstile-cf7-1845548126\", {sitekey:\"0x4AAAAAAA7bvMVw8osePlbS\"})); }, 100); });<\/script> <style>#cf-turnstile-cf7-1845548126 iframe { margin-bottom: 15px; }<\/style> <style>#cf-turnstile-cf7-1845548126 { margin-left: -15px; }<\/style> <script>document.addEventListener(\"DOMContentLoaded\",function(){document.querySelectorAll('.wpcf7-form').forEach(function(e){e.addEventListener('submit',function(){if(document.getElementById('cf-turnstile-cf7-1845548126')){setTimeout(function(){turnstile.reset('#cf-turnstile-cf7-1845548126');},1000)}})})});<\/script> <\/div>\n<p><span class=\"wpcf7-form-control-wrap\" data-name=\"politica\"><span class=\"wpcf7-form-control wpcf7-acceptance\"><span class=\"wpcf7-list-item\"><label><input type=\"checkbox\" name=\"politica\" value=\"1\" aria-invalid=\"false\" \/><span class=\"wpcf7-list-item-label\"><b>He le\u00eddo y acepto la <a href=\"https:\/\/cemolimpia.com\/es\/politica-privacidad\/\" > pol\u00edtica de privacidad<\/a><\/b><\/span><\/label><\/span><\/span><\/span>\n<\/p>\n<p style=\"margin-bottom: -10px;\"><input class=\"wpcf7-form-control wpcf7-submit has-spinner\" type=\"submit\" value=\"ENVIAR\" \/>\n<\/p>\n<font size=\"1\">\n\t<p style=\"line-height:100%; text-align:justify; margin-bottom: 20px\"> INFORMACI\u00d3N B\u00c1SICA SOBRE PROTECCI\u00d3N DE DATOS. Responsable: CET10 (COL\u00b7LECTIU D\u2019ESPORT PER A TOTHOM 10 CLUB) Finalidades: a) Actividades comerciales por distintos medios y canales de comunicaci\u00f3n de iniciativas y servicios de entidades CET10 y colaboradores. b) Gestionar las solicitudes relacionadas con cualquier iniciativa de entidades de CET10 y colaboradores. Legitimaci\u00f3n: Consentimiento del interesado. Destinatarios: Se prev\u00e9, en su caso, la comunicaci\u00f3n de los datos del interesado a la entidad de CET10 responsable de la actividad solicitada. Derechos: Tiene derecho a acceder, rectificar y suprimir los datos u oponerse al tratamiento de los mismos o a alguna de las finalidades, as\u00ed como otros derechos, como se explica en la informaci\u00f3n adicional. Informaci\u00f3n adicional: Puede consultar la informaci\u00f3n adicional y detallada sobre Protecci\u00f3n de Datos en el link de pol\u00edtica de privacidad. Esta web est\u00e1 protegida por Cloudflare Turnstile, herramienta con titularidad Cloudflare Inc., entidad que tratar\u00e1 determinados datos del usuario. M\u00e1s informaci\u00f3n sobre t\u00e9rminos y condiciones de Cloudflare en este <a href=\" https:\/\/www.cloudflare.com\/es-es\/website-terms\/\" style=\"color:black\"  target=\"blank\">enlace.<\/a> Ver c\u00f3mo Cloudflare trata tus datos disponibles <a href=\"https:\/\/www.cloudflare.com\/es-es\/privacypolicy\/\" style=\"color:black\"  target=\"blank\">aqu\u00ed.<\/a>\n\t<\/p>\n<\/font><div class=\"wpcf7-response-output\" aria-hidden=\"true\"><\/div>\n<\/form>\n<\/div>\n[vc_raw_js]JTBBJTNDc2NyaXB0JTNFJTBBZG9jdW1lbnQuYWRkRXZlbnRMaXN0ZW5lciUyOCUyMCUyN3dwY2Y3bWFpbHNlbnQlMjclMkMlMjBmdW5jdGlvbiUyOCUyMGV2ZW50JTIwJTI5JTIwJTdCJTBBJTIwJTIwbG9jYXRpb24lMjAlM0QlMjAlMjdodHRwcyUzQSUyRiUyRmNlbW9saW1waWEuY29tJTJGZXMlMkZtdWNoYXMtZ3JhY2lhcy1lbnRyZW5hZG9yJTJGJTI3JTNCJTBBJTdEJTJDJTIwZmFsc2UlMjAlMjklM0IlMEElM0MlMkZzY3JpcHQlM0U=[\/vc_raw_js][\/vc_column][\/vc_row]<\/p>\n<\/div>","protected":false},"excerpt":{"rendered":"<p>[vc_row full_width=\u00bbstretch_row_content_no_spaces\u00bb css=\u00bb.vc_custom_1680161946618{background-image: url(https:\/\/cemolimpia.com\/wp-content\/uploads\/sites\/32\/2023\/03\/entrenador-personal-olimpia.webp?id=11123) !important;background-position: center !important;background-repeat: no-repeat !important;background-size: cover !important;}\u00bb][vc_column offset=\u00bbvc_hidden-xs\u00bb][vc_custom_heading text=\u00bbClases particulares de p\u00e1del\u00bb font_container=\u00bbtag:h1|font_size:50px|text_align:center|color:%23ffffff|line_height:60px\u00bb use_theme_fonts=\u00bbyes\u00bb css=\u00bb.vc_custom_1694684330000{padding-top: 151px !important;padding-bottom: 160px !important;}\u00bb][\/vc_column][\/vc_row][vc_row full_width=\u00bbstretch_row_content_no_spaces\u00bb css=\u00bb.vc_custom_1680161958450{background-image: url(https:\/\/cemolimpia.com\/wp-content\/uploads\/sites\/32\/2023\/03\/entrenador-personal-olimpia.webp?id=11123) !important;background-position: center !important;background-repeat: no-repeat !important;background-size: cover !important;}\u00bb][vc_column offset=\u00bbvc_hidden-lg vc_hidden-md vc_hidden-sm\u00bb css=\u00bb.vc_custom_1678193107420{margin-bottom: -10px !important;}\u00bb][vc_column_text css=\u00bb.vc_custom_1683557511053{padding-top: 68px !important;padding-bottom: 68px !important;}\u00bb] Consigue tus objetivos con entrenadores personales [\/vc_column_text][\/vc_column][\/vc_row][vc_row gap=\u00bb35&#8243; css=\u00bb.vc_custom_1753352079137{margin-top: 20px !important;}\u00bb][vc_column&hellip;<\/p>\n","protected":false},"author":4,"featured_media":0,"parent":0,"menu_order":0,"comment_status":"closed","ping_status":"closed","template":"","meta":{"footnotes":""},"class_list":["post-2511","page","type-page","status-publish","hentry"],"yoast_head":"<!-- This site is optimized with the Yoast SEO plugin v26.8 - https:\/\/yoast.com\/product\/yoast-seo-wordpress\/ -->\n<title>Clases particulares de P\u00e1del | Entrenador | CEM Ol\u00edmpia<\/title>\n<meta name=\"description\" content=\"Supera tus l\u00edmites con Clases particulares de P\u00e1del. Entrenadores personales profesionales te guiar\u00e1n hacia el \u00e9xito. \u00a1Reserva tu clase ya!\" \/>\n<meta name=\"robots\" content=\"index, follow, max-snippet:-1, max-image-preview:large, max-video-preview:-1\" \/>\n<link rel=\"canonical\" href=\"https:\/\/cemolimpia.com\/es\/entrenador-personal\/\" \/>\n<meta property=\"og:locale\" content=\"es_ES\" \/>\n<meta property=\"og:type\" content=\"article\" \/>\n<meta property=\"og:title\" content=\"Clases particulares de P\u00e1del | Entrenador | CEM Ol\u00edmpia\" \/>\n<meta property=\"og:description\" content=\"Supera tus l\u00edmites con Clases particulares de P\u00e1del. Entrenadores personales profesionales te guiar\u00e1n hacia el \u00e9xito. \u00a1Reserva tu clase ya!\" \/>\n<meta property=\"og:url\" content=\"https:\/\/cemolimpia.com\/es\/entrenador-personal\/\" \/>\n<meta property=\"og:site_name\" content=\"CEM Ol\u00edmpia\" \/>\n<meta property=\"article:publisher\" content=\"https:\/\/www.facebook.com\/cem.olimpia\" \/>\n<meta property=\"article:modified_time\" content=\"2025-07-24T10:14:42+00:00\" \/>\n<meta name=\"twitter:card\" content=\"summary_large_image\" \/>\n<meta name=\"twitter:label1\" content=\"Tiempo de lectura\" \/>\n\t<meta name=\"twitter:data1\" content=\"2 minutos\" \/>\n<script type=\"application\/ld+json\" class=\"yoast-schema-graph\">{\"@context\":\"https:\/\/schema.org\",\"@graph\":[{\"@type\":\"WebPage\",\"@id\":\"https:\/\/cemolimpia.com\/es\/entrenador-personal\/\",\"url\":\"https:\/\/cemolimpia.com\/es\/entrenador-personal\/\",\"name\":\"Clases particulares de P\u00e1del | Entrenador | CEM Ol\u00edmpia\",\"isPartOf\":{\"@id\":\"https:\/\/cemolimpia.com\/es\/#website\"},\"datePublished\":\"2018-03-01T10:48:15+00:00\",\"dateModified\":\"2025-07-24T10:14:42+00:00\",\"description\":\"Supera tus l\u00edmites con Clases particulares de P\u00e1del. Entrenadores personales profesionales te guiar\u00e1n hacia el \u00e9xito. \u00a1Reserva tu clase ya!\",\"breadcrumb\":{\"@id\":\"https:\/\/cemolimpia.com\/es\/entrenador-personal\/#breadcrumb\"},\"inLanguage\":\"es\",\"potentialAction\":[{\"@type\":\"ReadAction\",\"target\":[\"https:\/\/cemolimpia.com\/es\/entrenador-personal\/\"]}]},{\"@type\":\"BreadcrumbList\",\"@id\":\"https:\/\/cemolimpia.com\/es\/entrenador-personal\/#breadcrumb\",\"itemListElement\":[{\"@type\":\"ListItem\",\"position\":1,\"name\":\"Club de P\u00e1del Barcelona CEM Ol\u00edmpia\",\"item\":\"https:\/\/cemolimpia.com\/es\/\"},{\"@type\":\"ListItem\",\"position\":2,\"name\":\"Clases particulares &#8211; Entrenador personal &#8211; P\u00e1del\"}]},{\"@type\":\"WebSite\",\"@id\":\"https:\/\/cemolimpia.com\/es\/#website\",\"url\":\"https:\/\/cemolimpia.com\/es\/\",\"name\":\"CEM Ol\u00edmpia\",\"description\":\"CEM Ol\u00edmpia - Tenis i p\u00e0del a Barcelona\",\"publisher\":{\"@id\":\"https:\/\/cemolimpia.com\/es\/#organization\"},\"potentialAction\":[{\"@type\":\"SearchAction\",\"target\":{\"@type\":\"EntryPoint\",\"urlTemplate\":\"https:\/\/cemolimpia.com\/es\/?s={search_term_string}\"},\"query-input\":{\"@type\":\"PropertyValueSpecification\",\"valueRequired\":true,\"valueName\":\"search_term_string\"}}],\"inLanguage\":\"es\"},{\"@type\":\"Organization\",\"@id\":\"https:\/\/cemolimpia.com\/es\/#organization\",\"name\":\"CEM Ol\u00edmpia | Club de P\u00e1del Barcelona\",\"url\":\"https:\/\/cemolimpia.com\/es\/\",\"logo\":{\"@type\":\"ImageObject\",\"inLanguage\":\"es\",\"@id\":\"https:\/\/cemolimpia.com\/es\/#\/schema\/logo\/image\/\",\"url\":\"https:\/\/cemolimpia.com\/wp-content\/uploads\/sites\/32\/2022\/01\/logo-olimpia-horitzontal-online-web-desktop.png\",\"contentUrl\":\"https:\/\/cemolimpia.com\/wp-content\/uploads\/sites\/32\/2022\/01\/logo-olimpia-horitzontal-online-web-desktop.png\",\"width\":211,\"height\":76,\"caption\":\"CEM Ol\u00edmpia | Club de P\u00e1del Barcelona\"},\"image\":{\"@id\":\"https:\/\/cemolimpia.com\/es\/#\/schema\/logo\/image\/\"},\"sameAs\":[\"https:\/\/www.facebook.com\/cem.olimpia\",\"https:\/\/www.instagram.com\/cemolimpia\/\"]}]}<\/script>\n<!-- \/ Yoast SEO plugin. -->","yoast_head_json":{"title":"Clases particulares de P\u00e1del | Entrenador | CEM Ol\u00edmpia","description":"Supera tus l\u00edmites con Clases particulares de P\u00e1del. Entrenadores personales profesionales te guiar\u00e1n hacia el \u00e9xito. \u00a1Reserva tu clase ya!","robots":{"index":"index","follow":"follow","max-snippet":"max-snippet:-1","max-image-preview":"max-image-preview:large","max-video-preview":"max-video-preview:-1"},"canonical":"https:\/\/cemolimpia.com\/es\/entrenador-personal\/","og_locale":"es_ES","og_type":"article","og_title":"Clases particulares de P\u00e1del | Entrenador | CEM Ol\u00edmpia","og_description":"Supera tus l\u00edmites con Clases particulares de P\u00e1del. Entrenadores personales profesionales te guiar\u00e1n hacia el \u00e9xito. \u00a1Reserva tu clase ya!","og_url":"https:\/\/cemolimpia.com\/es\/entrenador-personal\/","og_site_name":"CEM Ol\u00edmpia","article_publisher":"https:\/\/www.facebook.com\/cem.olimpia","article_modified_time":"2025-07-24T10:14:42+00:00","twitter_card":"summary_large_image","twitter_misc":{"Tiempo de lectura":"2 minutos"},"schema":{"@context":"https:\/\/schema.org","@graph":[{"@type":"WebPage","@id":"https:\/\/cemolimpia.com\/es\/entrenador-personal\/","url":"https:\/\/cemolimpia.com\/es\/entrenador-personal\/","name":"Clases particulares de P\u00e1del | Entrenador | CEM Ol\u00edmpia","isPartOf":{"@id":"https:\/\/cemolimpia.com\/es\/#website"},"datePublished":"2018-03-01T10:48:15+00:00","dateModified":"2025-07-24T10:14:42+00:00","description":"Supera tus l\u00edmites con Clases particulares de P\u00e1del. Entrenadores personales profesionales te guiar\u00e1n hacia el \u00e9xito. \u00a1Reserva tu clase ya!","breadcrumb":{"@id":"https:\/\/cemolimpia.com\/es\/entrenador-personal\/#breadcrumb"},"inLanguage":"es","potentialAction":[{"@type":"ReadAction","target":["https:\/\/cemolimpia.com\/es\/entrenador-personal\/"]}]},{"@type":"BreadcrumbList","@id":"https:\/\/cemolimpia.com\/es\/entrenador-personal\/#breadcrumb","itemListElement":[{"@type":"ListItem","position":1,"name":"Club de P\u00e1del Barcelona CEM Ol\u00edmpia","item":"https:\/\/cemolimpia.com\/es\/"},{"@type":"ListItem","position":2,"name":"Clases particulares &#8211; Entrenador personal &#8211; P\u00e1del"}]},{"@type":"WebSite","@id":"https:\/\/cemolimpia.com\/es\/#website","url":"https:\/\/cemolimpia.com\/es\/","name":"CEM Ol\u00edmpia","description":"CEM Ol\u00edmpia - Tenis i p\u00e0del a Barcelona","publisher":{"@id":"https:\/\/cemolimpia.com\/es\/#organization"},"potentialAction":[{"@type":"SearchAction","target":{"@type":"EntryPoint","urlTemplate":"https:\/\/cemolimpia.com\/es\/?s={search_term_string}"},"query-input":{"@type":"PropertyValueSpecification","valueRequired":true,"valueName":"search_term_string"}}],"inLanguage":"es"},{"@type":"Organization","@id":"https:\/\/cemolimpia.com\/es\/#organization","name":"CEM Ol\u00edmpia | Club de P\u00e1del Barcelona","url":"https:\/\/cemolimpia.com\/es\/","logo":{"@type":"ImageObject","inLanguage":"es","@id":"https:\/\/cemolimpia.com\/es\/#\/schema\/logo\/image\/","url":"https:\/\/cemolimpia.com\/wp-content\/uploads\/sites\/32\/2022\/01\/logo-olimpia-horitzontal-online-web-desktop.png","contentUrl":"https:\/\/cemolimpia.com\/wp-content\/uploads\/sites\/32\/2022\/01\/logo-olimpia-horitzontal-online-web-desktop.png","width":211,"height":76,"caption":"CEM Ol\u00edmpia | Club de P\u00e1del Barcelona"},"image":{"@id":"https:\/\/cemolimpia.com\/es\/#\/schema\/logo\/image\/"},"sameAs":["https:\/\/www.facebook.com\/cem.olimpia","https:\/\/www.instagram.com\/cemolimpia\/"]}]}},"_links":{"self":[{"href":"https:\/\/cemolimpia.com\/es\/wp-json\/wp\/v2\/pages\/2511","targetHints":{"allow":["GET"]}}],"collection":[{"href":"https:\/\/cemolimpia.com\/es\/wp-json\/wp\/v2\/pages"}],"about":[{"href":"https:\/\/cemolimpia.com\/es\/wp-json\/wp\/v2\/types\/page"}],"author":[{"embeddable":true,"href":"https:\/\/cemolimpia.com\/es\/wp-json\/wp\/v2\/users\/4"}],"replies":[{"embeddable":true,"href":"https:\/\/cemolimpia.com\/es\/wp-json\/wp\/v2\/comments?post=2511"}],"version-history":[{"count":0,"href":"https:\/\/cemolimpia.com\/es\/wp-json\/wp\/v2\/pages\/2511\/revisions"}],"wp:attachment":[{"href":"https:\/\/cemolimpia.com\/es\/wp-json\/wp\/v2\/media?parent=2511"}],"curies":[{"name":"wp","href":"https:\/\/api.w.org\/{rel}","templated":true}]}}