{"id":20153,"date":"2024-01-03T09:21:15","date_gmt":"2024-01-03T08:21:15","guid":{"rendered":"https:\/\/cemolimpia.com\/?page_id=20153"},"modified":"2026-03-18T15:45:18","modified_gmt":"2026-03-18T14:45:18","slug":"area-de-clientes","status":"publish","type":"page","link":"https:\/\/cemolimpia.com\/es\/area-de-clientes\/","title":{"rendered":"\u00c1rea cliente"},"content":{"rendered":"\t\t<div data-elementor-type=\"wp-page\" data-elementor-id=\"20153\" class=\"elementor elementor-20153 elementor-20144\" data-elementor-post-type=\"page\">\n\t\t\t\t\t\t<section class=\"elementor-section elementor-top-section elementor-element elementor-element-787f1b17 elementor-section-stretched elementor-section-boxed elementor-section-height-default elementor-section-height-default\" data-id=\"787f1b17\" data-element_type=\"section\" data-e-type=\"section\" data-settings=\"{&quot;stretch_section&quot;:&quot;section-stretched&quot;,&quot;background_background&quot;:&quot;classic&quot;}\">\n\t\t\t\t\t\t<div class=\"elementor-container elementor-column-gap-default\">\n\t\t\t\t\t<div class=\"elementor-column elementor-col-100 elementor-top-column elementor-element elementor-element-25d069bf\" data-id=\"25d069bf\" data-element_type=\"column\" data-e-type=\"column\">\n\t\t\t<div class=\"elementor-widget-wrap elementor-element-populated\">\n\t\t\t\t\t\t<div class=\"elementor-element elementor-element-ca450b0 elementor-widget elementor-widget-heading\" data-id=\"ca450b0\" data-element_type=\"widget\" data-e-type=\"widget\" data-widget_type=\"heading.default\">\n\t\t\t\t<div class=\"elementor-widget-container\">\n\t\t\t\t\t<h1 class=\"elementor-heading-title elementor-size-default\">\u00c1rea cliente: realiza tus gestiones online<\/h1>\t\t\t\t<\/div>\n\t\t\t\t<\/div>\n\t\t\t\t\t<\/div>\n\t\t<\/div>\n\t\t\t\t\t<\/div>\n\t\t<\/section>\n\t\t\t\t<section class=\"elementor-section elementor-top-section elementor-element elementor-element-4443d521 elementor-section-boxed elementor-section-height-default elementor-section-height-default\" data-id=\"4443d521\" data-element_type=\"section\" data-e-type=\"section\">\n\t\t\t\t\t\t<div class=\"elementor-container elementor-column-gap-default\">\n\t\t\t\t\t<div class=\"elementor-column elementor-col-50 elementor-top-column elementor-element elementor-element-662aa1e0\" data-id=\"662aa1e0\" data-element_type=\"column\" data-e-type=\"column\">\n\t\t\t<div class=\"elementor-widget-wrap elementor-element-populated\">\n\t\t\t\t\t\t<div class=\"elementor-element elementor-element-2f165c2a elementor-widget elementor-widget-text-editor\" data-id=\"2f165c2a\" data-element_type=\"widget\" data-e-type=\"widget\" data-widget_type=\"text-editor.default\">\n\t\t\t\t<div class=\"elementor-widget-container\">\n\t\t\t\t\t\t\t\t\t<p>Te damos la bienvenida al \u00e1rea de clientes de\u00a0CEM Ol\u00edmpia. Antes de entrar en el \u00e1rea clientes consulta nuestra normativa.<\/p><p><strong><img decoding=\"async\" class=\" \" src=\"https:\/\/fundaciocet10.org\/admin\/web\/uploaddir\/paginas\/\/tiny\/pdf.png\" alt=\"\" data-src=\"https:\/\/fundaciocet10.org\/admin\/web\/uploaddir\/paginas\/\/tiny\/pdf.png\" \/><a href=\"https:\/\/cemolimpia.com\/es\/normativa-reservas\/\">Lee la normativa de reserva de pista.<\/a><\/strong><\/p>\t\t\t\t\t\t\t\t<\/div>\n\t\t\t\t<\/div>\n\t\t\t\t<div class=\"elementor-element elementor-element-4eb71499 elementor-align-justify elementor-widget elementor-widget-button\" data-id=\"4eb71499\" data-element_type=\"widget\" data-e-type=\"widget\" data-widget_type=\"button.default\">\n\t\t\t\t<div class=\"elementor-widget-container\">\n\t\t\t\t\t\t\t\t\t<div class=\"elementor-button-wrapper\">\n\t\t\t\t\t<a class=\"elementor-button elementor-button-link elementor-size-md\" href=\"https:\/\/cemolimpia.matchpoint.com.es\/Login.aspx\">\n\t\t\t\t\t\t<span class=\"elementor-button-content-wrapper\">\n\t\t\t\t\t\t\t\t\t<span class=\"elementor-button-text\">ENTRA EN EL \u00c1REA DE CLIENTES<\/span>\n\t\t\t\t\t<\/span>\n\t\t\t\t\t<\/a>\n\t\t\t\t<\/div>\n\t\t\t\t\t\t\t\t<\/div>\n\t\t\t\t<\/div>\n\t\t\t\t<section class=\"elementor-section elementor-inner-section elementor-element elementor-element-6093d288 elementor-section-boxed elementor-section-height-default elementor-section-height-default\" data-id=\"6093d288\" data-element_type=\"section\" data-e-type=\"section\">\n\t\t\t\t\t\t<div class=\"elementor-container elementor-column-gap-default\">\n\t\t\t\t\t<div class=\"elementor-column elementor-col-100 elementor-inner-column elementor-element elementor-element-745ef619\" data-id=\"745ef619\" data-element_type=\"column\" data-e-type=\"column\" data-settings=\"{&quot;background_background&quot;:&quot;classic&quot;}\">\n\t\t\t<div class=\"elementor-widget-wrap elementor-element-populated\">\n\t\t\t\t\t\t<div class=\"elementor-element elementor-element-78a6fcd9 elementor-widget elementor-widget-heading\" data-id=\"78a6fcd9\" data-element_type=\"widget\" data-e-type=\"widget\" data-widget_type=\"heading.default\">\n\t\t\t\t<div class=\"elementor-widget-container\">\n\t\t\t\t\t<p class=\"elementor-heading-title elementor-size-default\">Nota importante<\/p>\t\t\t\t<\/div>\n\t\t\t\t<\/div>\n\t\t\t\t<div class=\"elementor-element elementor-element-6a4b1216 elementor-widget elementor-widget-text-editor\" data-id=\"6a4b1216\" data-element_type=\"widget\" data-e-type=\"widget\" data-widget_type=\"text-editor.default\">\n\t\t\t\t<div class=\"elementor-widget-container\">\n\t\t\t\t\t\t\t\t\t<p>1. La reserva de pista se puede hacer con 48 h de antelaci\u00f3n por la web o la app, y con 24 h de antelaci\u00f3n por tel\u00e9fono o presencialmente.<\/p>\t\t\t\t\t\t\t\t<\/div>\n\t\t\t\t<\/div>\n\t\t\t\t<div class=\"elementor-element elementor-element-68aceb6f elementor-widget elementor-widget-text-editor\" data-id=\"68aceb6f\" data-element_type=\"widget\" data-e-type=\"widget\" data-widget_type=\"text-editor.default\">\n\t\t\t\t<div class=\"elementor-widget-container\">\n\t\t\t\t\t\t\t\t\t<p>2. Si es la primera vez que quieres venir al club ponte en contacto con nosotros en el 932 662 395.<\/p>\t\t\t\t\t\t\t\t<\/div>\n\t\t\t\t<\/div>\n\t\t\t\t\t<\/div>\n\t\t<\/div>\n\t\t\t\t\t<\/div>\n\t\t<\/section>\n\t\t\t\t\t<\/div>\n\t\t<\/div>\n\t\t\t\t<div class=\"elementor-column elementor-col-50 elementor-top-column elementor-element elementor-element-15c4caf4\" data-id=\"15c4caf4\" data-element_type=\"column\" data-e-type=\"column\">\n\t\t\t<div class=\"elementor-widget-wrap elementor-element-populated\">\n\t\t\t\t\t\t<div class=\"elementor-element elementor-element-1def00f9 elementor-widget elementor-widget-text-editor\" data-id=\"1def00f9\" data-element_type=\"widget\" data-e-type=\"widget\" data-widget_type=\"text-editor.default\">\n\t\t\t\t<div class=\"elementor-widget-container\">\n\t\t\t\t\t\t\t\t\t<p>Para cualquier duda ll\u00e1manos al\u00a0<a href=\"tel:+34932662395\"><strong>932 662 395<\/strong><\/a>\u00a0o env\u00edanos un correo electr\u00f3nico a\u00a0<strong><a href=\"mailto:info@cemolimpia.com\">info@cemolimpia.com<\/a>.<\/strong><\/p>\t\t\t\t\t\t\t\t<\/div>\n\t\t\t\t<\/div>\n\t\t\t\t<div class=\"elementor-element elementor-element-713f63b9 elementor-widget elementor-widget-image\" data-id=\"713f63b9\" data-element_type=\"widget\" data-e-type=\"widget\" data-widget_type=\"image.default\">\n\t\t\t\t<div class=\"elementor-widget-container\">\n\t\t\t\t\t\t\t\t\t\t\t\t\t\t\t<img fetchpriority=\"high\" decoding=\"async\" width=\"567\" height=\"378\" src=\"https:\/\/cemolimpia.com\/wp-content\/uploads\/sites\/32\/2017\/02\/area-clientes-artos-sports.jpg\" class=\"attachment-large size-large wp-image-904\" alt=\"\u00c1rea de Clientes\" srcset=\"https:\/\/cemolimpia.com\/wp-content\/uploads\/sites\/32\/2017\/02\/area-clientes-artos-sports.jpg 567w, https:\/\/cemolimpia.com\/wp-content\/uploads\/sites\/32\/2017\/02\/area-clientes-artos-sports-300x200.jpg 300w\" sizes=\"(max-width: 567px) 100vw, 567px\" \/>\t\t\t\t\t\t\t\t\t\t\t\t\t\t\t<\/div>\n\t\t\t\t<\/div>\n\t\t\t\t\t<\/div>\n\t\t<\/div>\n\t\t\t\t\t<\/div>\n\t\t<\/section>\n\t\t\t\t<\/div>\n\t\t","protected":false},"excerpt":{"rendered":"<p>\u00c1rea cliente: realiza tus gestiones online Te damos la bienvenida al \u00e1rea de clientes de\u00a0CEM Ol\u00edmpia. Antes de entrar en el \u00e1rea clientes consulta nuestra normativa. Lee la normativa de reserva de pista. ENTRA EN EL \u00c1REA DE CLIENTES Nota importante 1. La reserva de pista se puede hacer con 48 h de antelaci\u00f3n por&hellip;<\/p>\n","protected":false},"author":67,"featured_media":0,"parent":0,"menu_order":0,"comment_status":"closed","ping_status":"closed","template":"","meta":{"footnotes":""},"class_list":["post-20153","page","type-page","status-publish","hentry"],"yoast_head":"<!-- This site is optimized with the Yoast SEO plugin v26.8 - https:\/\/yoast.com\/product\/yoast-seo-wordpress\/ -->\n<title>\u00c1rea de clientes - Realiza tus gestiones c\u00f3modamente<\/title>\n<meta name=\"description\" content=\"\u00c1rea de clientes del CEM Ol\u00edmpia. Reserva tu pista de p\u00e1del y tenis, busca partidas abiertas y ap\u00fantate a nuestros campeonatos. \u00a1Entra!\" \/>\n<meta name=\"robots\" content=\"index, follow, max-snippet:-1, max-image-preview:large, max-video-preview:-1\" \/>\n<link rel=\"canonical\" href=\"https:\/\/cemolimpia.com\/es\/area-de-clientes\/\" \/>\n<meta property=\"og:locale\" content=\"es_ES\" \/>\n<meta property=\"og:type\" content=\"article\" \/>\n<meta property=\"og:title\" content=\"\u00c1rea de clientes - Realiza tus gestiones c\u00f3modamente\" \/>\n<meta property=\"og:description\" content=\"\u00c1rea de clientes del CEM Ol\u00edmpia. Reserva tu pista de p\u00e1del y tenis, busca partidas abiertas y ap\u00fantate a nuestros campeonatos. \u00a1Entra!\" \/>\n<meta property=\"og:url\" content=\"https:\/\/cemolimpia.com\/es\/area-de-clientes\/\" \/>\n<meta property=\"og:site_name\" content=\"CEM Ol\u00edmpia\" \/>\n<meta property=\"article:publisher\" content=\"https:\/\/www.facebook.com\/cem.olimpia\" \/>\n<meta property=\"article:modified_time\" content=\"2026-03-18T14:45:18+00:00\" \/>\n<meta property=\"og:image\" content=\"https:\/\/fundaciocet10.org\/admin\/web\/uploaddir\/paginas\/\/tiny\/pdf.png\" \/>\n<meta name=\"twitter:card\" content=\"summary_large_image\" \/>\n<meta name=\"twitter:label1\" content=\"Tiempo de lectura\" \/>\n\t<meta name=\"twitter:data1\" content=\"1 minuto\" \/>\n<script type=\"application\/ld+json\" class=\"yoast-schema-graph\">{\"@context\":\"https:\/\/schema.org\",\"@graph\":[{\"@type\":\"WebPage\",\"@id\":\"https:\/\/cemolimpia.com\/es\/area-de-clientes\/\",\"url\":\"https:\/\/cemolimpia.com\/es\/area-de-clientes\/\",\"name\":\"\u00c1rea de clientes - Realiza tus gestiones c\u00f3modamente\",\"isPartOf\":{\"@id\":\"https:\/\/cemolimpia.com\/es\/#website\"},\"primaryImageOfPage\":{\"@id\":\"https:\/\/cemolimpia.com\/es\/area-de-clientes\/#primaryimage\"},\"image\":{\"@id\":\"https:\/\/cemolimpia.com\/es\/area-de-clientes\/#primaryimage\"},\"thumbnailUrl\":\"https:\/\/fundaciocet10.org\/admin\/web\/uploaddir\/paginas\/\/tiny\/pdf.png\",\"datePublished\":\"2024-01-03T08:21:15+00:00\",\"dateModified\":\"2026-03-18T14:45:18+00:00\",\"description\":\"\u00c1rea de clientes del CEM Ol\u00edmpia. Reserva tu pista de p\u00e1del y tenis, busca partidas abiertas y ap\u00fantate a nuestros campeonatos. \u00a1Entra!\",\"breadcrumb\":{\"@id\":\"https:\/\/cemolimpia.com\/es\/area-de-clientes\/#breadcrumb\"},\"inLanguage\":\"es\",\"potentialAction\":[{\"@type\":\"ReadAction\",\"target\":[\"https:\/\/cemolimpia.com\/es\/area-de-clientes\/\"]}]},{\"@type\":\"ImageObject\",\"inLanguage\":\"es\",\"@id\":\"https:\/\/cemolimpia.com\/es\/area-de-clientes\/#primaryimage\",\"url\":\"https:\/\/fundaciocet10.org\/admin\/web\/uploaddir\/paginas\/\/tiny\/pdf.png\",\"contentUrl\":\"https:\/\/fundaciocet10.org\/admin\/web\/uploaddir\/paginas\/\/tiny\/pdf.png\"},{\"@type\":\"BreadcrumbList\",\"@id\":\"https:\/\/cemolimpia.com\/es\/area-de-clientes\/#breadcrumb\",\"itemListElement\":[{\"@type\":\"ListItem\",\"position\":1,\"name\":\"Club de P\u00e1del Barcelona CEM Ol\u00edmpia\",\"item\":\"https:\/\/cemolimpia.com\/es\/\"},{\"@type\":\"ListItem\",\"position\":2,\"name\":\"\u00c1rea cliente\"}]},{\"@type\":\"WebSite\",\"@id\":\"https:\/\/cemolimpia.com\/es\/#website\",\"url\":\"https:\/\/cemolimpia.com\/es\/\",\"name\":\"CEM Ol\u00edmpia\",\"description\":\"CEM Ol\u00edmpia - Tenis i p\u00e0del a Barcelona\",\"publisher\":{\"@id\":\"https:\/\/cemolimpia.com\/es\/#organization\"},\"potentialAction\":[{\"@type\":\"SearchAction\",\"target\":{\"@type\":\"EntryPoint\",\"urlTemplate\":\"https:\/\/cemolimpia.com\/es\/?s={search_term_string}\"},\"query-input\":{\"@type\":\"PropertyValueSpecification\",\"valueRequired\":true,\"valueName\":\"search_term_string\"}}],\"inLanguage\":\"es\"},{\"@type\":\"Organization\",\"@id\":\"https:\/\/cemolimpia.com\/es\/#organization\",\"name\":\"CEM Ol\u00edmpia | Club de P\u00e1del Barcelona\",\"url\":\"https:\/\/cemolimpia.com\/es\/\",\"logo\":{\"@type\":\"ImageObject\",\"inLanguage\":\"es\",\"@id\":\"https:\/\/cemolimpia.com\/es\/#\/schema\/logo\/image\/\",\"url\":\"https:\/\/cemolimpia.com\/wp-content\/uploads\/sites\/32\/2022\/01\/logo-olimpia-horitzontal-online-web-desktop.png\",\"contentUrl\":\"https:\/\/cemolimpia.com\/wp-content\/uploads\/sites\/32\/2022\/01\/logo-olimpia-horitzontal-online-web-desktop.png\",\"width\":211,\"height\":76,\"caption\":\"CEM Ol\u00edmpia | Club de P\u00e1del Barcelona\"},\"image\":{\"@id\":\"https:\/\/cemolimpia.com\/es\/#\/schema\/logo\/image\/\"},\"sameAs\":[\"https:\/\/www.facebook.com\/cem.olimpia\",\"https:\/\/www.instagram.com\/cemolimpia\/\"]}]}<\/script>\n<!-- \/ Yoast SEO plugin. -->","yoast_head_json":{"title":"\u00c1rea de clientes - Realiza tus gestiones c\u00f3modamente","description":"\u00c1rea de clientes del CEM Ol\u00edmpia. Reserva tu pista de p\u00e1del y tenis, busca partidas abiertas y ap\u00fantate a nuestros campeonatos. \u00a1Entra!","robots":{"index":"index","follow":"follow","max-snippet":"max-snippet:-1","max-image-preview":"max-image-preview:large","max-video-preview":"max-video-preview:-1"},"canonical":"https:\/\/cemolimpia.com\/es\/area-de-clientes\/","og_locale":"es_ES","og_type":"article","og_title":"\u00c1rea de clientes - Realiza tus gestiones c\u00f3modamente","og_description":"\u00c1rea de clientes del CEM Ol\u00edmpia. Reserva tu pista de p\u00e1del y tenis, busca partidas abiertas y ap\u00fantate a nuestros campeonatos. \u00a1Entra!","og_url":"https:\/\/cemolimpia.com\/es\/area-de-clientes\/","og_site_name":"CEM Ol\u00edmpia","article_publisher":"https:\/\/www.facebook.com\/cem.olimpia","article_modified_time":"2026-03-18T14:45:18+00:00","og_image":[{"url":"https:\/\/fundaciocet10.org\/admin\/web\/uploaddir\/paginas\/\/tiny\/pdf.png","type":"","width":"","height":""}],"twitter_card":"summary_large_image","twitter_misc":{"Tiempo de lectura":"1 minuto"},"schema":{"@context":"https:\/\/schema.org","@graph":[{"@type":"WebPage","@id":"https:\/\/cemolimpia.com\/es\/area-de-clientes\/","url":"https:\/\/cemolimpia.com\/es\/area-de-clientes\/","name":"\u00c1rea de clientes - Realiza tus gestiones c\u00f3modamente","isPartOf":{"@id":"https:\/\/cemolimpia.com\/es\/#website"},"primaryImageOfPage":{"@id":"https:\/\/cemolimpia.com\/es\/area-de-clientes\/#primaryimage"},"image":{"@id":"https:\/\/cemolimpia.com\/es\/area-de-clientes\/#primaryimage"},"thumbnailUrl":"https:\/\/fundaciocet10.org\/admin\/web\/uploaddir\/paginas\/\/tiny\/pdf.png","datePublished":"2024-01-03T08:21:15+00:00","dateModified":"2026-03-18T14:45:18+00:00","description":"\u00c1rea de clientes del CEM Ol\u00edmpia. Reserva tu pista de p\u00e1del y tenis, busca partidas abiertas y ap\u00fantate a nuestros campeonatos. \u00a1Entra!","breadcrumb":{"@id":"https:\/\/cemolimpia.com\/es\/area-de-clientes\/#breadcrumb"},"inLanguage":"es","potentialAction":[{"@type":"ReadAction","target":["https:\/\/cemolimpia.com\/es\/area-de-clientes\/"]}]},{"@type":"ImageObject","inLanguage":"es","@id":"https:\/\/cemolimpia.com\/es\/area-de-clientes\/#primaryimage","url":"https:\/\/fundaciocet10.org\/admin\/web\/uploaddir\/paginas\/\/tiny\/pdf.png","contentUrl":"https:\/\/fundaciocet10.org\/admin\/web\/uploaddir\/paginas\/\/tiny\/pdf.png"},{"@type":"BreadcrumbList","@id":"https:\/\/cemolimpia.com\/es\/area-de-clientes\/#breadcrumb","itemListElement":[{"@type":"ListItem","position":1,"name":"Club de P\u00e1del Barcelona CEM Ol\u00edmpia","item":"https:\/\/cemolimpia.com\/es\/"},{"@type":"ListItem","position":2,"name":"\u00c1rea cliente"}]},{"@type":"WebSite","@id":"https:\/\/cemolimpia.com\/es\/#website","url":"https:\/\/cemolimpia.com\/es\/","name":"CEM Ol\u00edmpia","description":"CEM Ol\u00edmpia - Tenis i p\u00e0del a Barcelona","publisher":{"@id":"https:\/\/cemolimpia.com\/es\/#organization"},"potentialAction":[{"@type":"SearchAction","target":{"@type":"EntryPoint","urlTemplate":"https:\/\/cemolimpia.com\/es\/?s={search_term_string}"},"query-input":{"@type":"PropertyValueSpecification","valueRequired":true,"valueName":"search_term_string"}}],"inLanguage":"es"},{"@type":"Organization","@id":"https:\/\/cemolimpia.com\/es\/#organization","name":"CEM Ol\u00edmpia | Club de P\u00e1del Barcelona","url":"https:\/\/cemolimpia.com\/es\/","logo":{"@type":"ImageObject","inLanguage":"es","@id":"https:\/\/cemolimpia.com\/es\/#\/schema\/logo\/image\/","url":"https:\/\/cemolimpia.com\/wp-content\/uploads\/sites\/32\/2022\/01\/logo-olimpia-horitzontal-online-web-desktop.png","contentUrl":"https:\/\/cemolimpia.com\/wp-content\/uploads\/sites\/32\/2022\/01\/logo-olimpia-horitzontal-online-web-desktop.png","width":211,"height":76,"caption":"CEM Ol\u00edmpia | Club de P\u00e1del Barcelona"},"image":{"@id":"https:\/\/cemolimpia.com\/es\/#\/schema\/logo\/image\/"},"sameAs":["https:\/\/www.facebook.com\/cem.olimpia","https:\/\/www.instagram.com\/cemolimpia\/"]}]}},"_links":{"self":[{"href":"https:\/\/cemolimpia.com\/es\/wp-json\/wp\/v2\/pages\/20153","targetHints":{"allow":["GET"]}}],"collection":[{"href":"https:\/\/cemolimpia.com\/es\/wp-json\/wp\/v2\/pages"}],"about":[{"href":"https:\/\/cemolimpia.com\/es\/wp-json\/wp\/v2\/types\/page"}],"author":[{"embeddable":true,"href":"https:\/\/cemolimpia.com\/es\/wp-json\/wp\/v2\/users\/67"}],"replies":[{"embeddable":true,"href":"https:\/\/cemolimpia.com\/es\/wp-json\/wp\/v2\/comments?post=20153"}],"version-history":[{"count":9,"href":"https:\/\/cemolimpia.com\/es\/wp-json\/wp\/v2\/pages\/20153\/revisions"}],"predecessor-version":[{"id":134851,"href":"https:\/\/cemolimpia.com\/es\/wp-json\/wp\/v2\/pages\/20153\/revisions\/134851"}],"wp:attachment":[{"href":"https:\/\/cemolimpia.com\/es\/wp-json\/wp\/v2\/media?parent=20153"}],"curies":[{"name":"wp","href":"https:\/\/api.w.org\/{rel}","templated":true}]}}