{"id":171,"date":"2016-10-23T17:29:07","date_gmt":"2016-10-23T17:29:07","guid":{"rendered":"http:\/\/cdmescuelassananton.cet10.com\/empresas-copy\/"},"modified":"2023-05-08T16:18:38","modified_gmt":"2023-05-08T15:18:38","slug":"trabaja-con-nosotros","status":"publish","type":"page","link":"https:\/\/cemolimpia.com\/es\/trabaja-con-nosotros\/","title":{"rendered":"Trabaja con nosotros"},"content":{"rendered":"<div class=\"wpb-content-wrapper\"><p>[vc_row full_width=\u00bbstretch_row_content_no_spaces\u00bb css=\u00bb.vc_custom_1681213134461{background-image: url(https:\/\/cemolimpia.com\/wp-content\/uploads\/sites\/32\/2023\/03\/treballa-nosaltres-olimpia.webp?id=11179) !important;background-position: center !important;background-repeat: no-repeat !important;background-size: cover !important;}\u00bb][vc_column offset=\u00bbvc_hidden-lg vc_hidden-md vc_hidden-sm\u00bb css=\u00bb.vc_custom_1678193107420{margin-bottom: -10px !important;}\u00bb][vc_column_text css=\u00bb.vc_custom_1683559115938{padding-top: 68px !important;padding-bottom: 68px !important;}\u00bb]<\/p>\n<p style=\"text-align: center; font-family: Roboto; font-size: 35px; line-height: 40px;\"><span style=\"color: #ffffff;\"><strong>Forma parte del equipo<br \/>\ndel CEM Ol\u00edmpia<\/strong><\/span><\/p>\n<p>[\/vc_column_text][\/vc_column][\/vc_row][vc_row full_width=\u00bbstretch_row_content_no_spaces\u00bb css=\u00bb.vc_custom_1681213124157{background-image: url(https:\/\/cemolimpia.com\/wp-content\/uploads\/sites\/32\/2023\/04\/tenis.webp?id=11361) !important;background-position: center !important;background-repeat: no-repeat !important;background-size: cover !important;}\u00bb][vc_column offset=\u00bbvc_hidden-xs\u00bb][vc_custom_heading text=\u00bbForma parte del equipo del CEM Ol\u00edmpia\u00bb font_container=\u00bbtag:h1|font_size:50px|text_align:center|color:%23ffffff|line_height:60px\u00bb use_theme_fonts=\u00bbyes\u00bb css=\u00bb.vc_custom_1683559100721{padding-top: 151px !important;padding-bottom: 160px !important;}\u00bb][\/vc_column][\/vc_row][vc_row 0=\u00bb\u00bb css=\u00bb.vc_custom_1680177068742{margin-top: 15px !important;}\u00bb][vc_column width=\u00bb2\/3&#8243;][vc_column_text 0=\u00bb\u00bb]Trabaja con nosotros: trabajar en CEM Ol\u00edmpia es formar parte de un equipo de gente joven y altamente profesional. Gestionamos un centro de p\u00e1del y tenis muy activo, innovador y en constante evoluci\u00f3n.<\/p>\n<p>Si eres t\u00e9cnico en Fitness, P\u00e1del, Tenis o Licenciado en Educaci\u00f3n F\u00edsica y quieres formar parte de nuestro equipo, env\u00edanos tu CV y lo tendremos en cuenta para nuestros proyectos.<\/p>\n<p>Valoramos:<\/p>\n<ul class=\"standard-arrow list-divider\"><li><p>Pasi\u00f3n por el deporte<\/p>\n<\/li><li><p>Trabajo en equipo<\/p>\n<\/li><li><p>Profesionalidad, responsabilidad e implicaci\u00f3n<\/p>\n<\/li><\/ul>\n<h2><span style=\"font-size: 15px; color: #676b6d; font-family: robot, sans-serif;\">No lo dudes y \u00a1an\u00edmate a formar parte de nuestro equipo!<\/span><\/h2>\n<p>[\/vc_column_text][\/vc_column][vc_column width=\u00bb1\/3&#8243;][vc_cta h2=\u00bb\u00bb shape=\u00bbsquare\u00bb add_button=\u00bbbottom\u00bb btn_title=\u00bbENVIAR\u00bb btn_style=\u00bbflat\u00bb btn_shape=\u00bbsquare\u00bb btn_color=\u00bbwarning\u00bb btn_size=\u00bblg\u00bb btn_align=\u00bbcenter\u00bb btn_button_block=\u00bbtrue\u00bb btn_link=\u00bburl:mailto%3Ainfo%40cemolimpia.com\u00bb]<span style=\"font-size: 14pt;\"><a href=\"mailto:info@cemolimpia.com\">Env\u00edanos\u00a0tu Curr\u00edculum Vitae<\/a>\u00a0y nos pondremos en contacto contigo<\/span>[\/vc_cta][vc_single_image image=\u00bb10784&#8243; img_size=\u00bbfull\u00bb][\/vc_column][\/vc_row]<\/p>\n<\/div>","protected":false},"excerpt":{"rendered":"<p>[vc_row full_width=\u00bbstretch_row_content_no_spaces\u00bb css=\u00bb.vc_custom_1681213134461{background-image: url(https:\/\/cemolimpia.com\/wp-content\/uploads\/sites\/32\/2023\/03\/treballa-nosaltres-olimpia.webp?id=11179) !important;background-position: center !important;background-repeat: no-repeat !important;background-size: cover !important;}\u00bb][vc_column offset=\u00bbvc_hidden-lg vc_hidden-md vc_hidden-sm\u00bb css=\u00bb.vc_custom_1678193107420{margin-bottom: -10px !important;}\u00bb][vc_column_text css=\u00bb.vc_custom_1683559115938{padding-top: 68px !important;padding-bottom: 68px !important;}\u00bb] Forma parte del equipo del CEM Ol\u00edmpia [\/vc_column_text][\/vc_column][\/vc_row][vc_row full_width=\u00bbstretch_row_content_no_spaces\u00bb css=\u00bb.vc_custom_1681213124157{background-image: url(https:\/\/cemolimpia.com\/wp-content\/uploads\/sites\/32\/2023\/04\/tenis.webp?id=11361) !important;background-position: center !important;background-repeat: no-repeat !important;background-size: cover !important;}\u00bb][vc_column offset=\u00bbvc_hidden-xs\u00bb][vc_custom_heading text=\u00bbForma parte del equipo del CEM Ol\u00edmpia\u00bb font_container=\u00bbtag:h1|font_size:50px|text_align:center|color:%23ffffff|line_height:60px\u00bb use_theme_fonts=\u00bbyes\u00bb css=\u00bb.vc_custom_1683559100721{padding-top: 151px !important;padding-bottom: 160px !important;}\u00bb][\/vc_column][\/vc_row][vc_row&hellip;<\/p>\n","protected":false},"author":4,"featured_media":0,"parent":0,"menu_order":0,"comment_status":"closed","ping_status":"closed","template":"","meta":{"footnotes":""},"class_list":["post-171","page","type-page","status-publish","hentry","description-off"],"yoast_head":"<!-- This site is optimized with the Yoast SEO plugin v26.8 - https:\/\/yoast.com\/product\/yoast-seo-wordpress\/ -->\n<title>Trabaja con nosotros - CEM Ol\u00edmpia - P\u00e1del y Tenis en Sant Mart\u00ed<\/title>\n<meta name=\"description\" content=\"Si eres t\u00e9cnico en Fitness o Licenciado en Educaci\u00f3n F\u00edsica, no lo pienses m\u00e1s y trabaja con nosotros. Env\u00edanos tu CV a nuestro mail...\" \/>\n<meta name=\"robots\" content=\"index, follow, max-snippet:-1, max-image-preview:large, max-video-preview:-1\" \/>\n<link rel=\"canonical\" href=\"https:\/\/cemolimpia.com\/es\/trabaja-con-nosotros\/\" \/>\n<meta property=\"og:locale\" content=\"es_ES\" \/>\n<meta property=\"og:type\" content=\"article\" \/>\n<meta property=\"og:title\" content=\"Trabaja con nosotros - CEM Ol\u00edmpia - P\u00e1del y Tenis en Sant Mart\u00ed\" \/>\n<meta property=\"og:description\" content=\"Si eres t\u00e9cnico en Fitness o Licenciado en Educaci\u00f3n F\u00edsica, no lo pienses m\u00e1s y trabaja con nosotros. Env\u00edanos tu CV a nuestro mail...\" \/>\n<meta property=\"og:url\" content=\"https:\/\/cemolimpia.com\/es\/trabaja-con-nosotros\/\" \/>\n<meta property=\"og:site_name\" content=\"CEM Ol\u00edmpia\" \/>\n<meta property=\"article:publisher\" content=\"https:\/\/www.facebook.com\/cem.olimpia\" \/>\n<meta property=\"article:modified_time\" content=\"2023-05-08T15:18:38+00:00\" \/>\n<meta name=\"twitter:card\" content=\"summary_large_image\" \/>\n<meta name=\"twitter:label1\" content=\"Tiempo de lectura\" \/>\n\t<meta name=\"twitter:data1\" content=\"1 minuto\" \/>\n<script type=\"application\/ld+json\" class=\"yoast-schema-graph\">{\"@context\":\"https:\/\/schema.org\",\"@graph\":[{\"@type\":\"WebPage\",\"@id\":\"https:\/\/cemolimpia.com\/es\/trabaja-con-nosotros\/\",\"url\":\"https:\/\/cemolimpia.com\/es\/trabaja-con-nosotros\/\",\"name\":\"Trabaja con nosotros - CEM Ol\u00edmpia - P\u00e1del y Tenis en Sant Mart\u00ed\",\"isPartOf\":{\"@id\":\"https:\/\/cemolimpia.com\/es\/#website\"},\"datePublished\":\"2016-10-23T17:29:07+00:00\",\"dateModified\":\"2023-05-08T15:18:38+00:00\",\"description\":\"Si eres t\u00e9cnico en Fitness o Licenciado en Educaci\u00f3n F\u00edsica, no lo pienses m\u00e1s y trabaja con nosotros. Env\u00edanos tu CV a nuestro mail...\",\"breadcrumb\":{\"@id\":\"https:\/\/cemolimpia.com\/es\/trabaja-con-nosotros\/#breadcrumb\"},\"inLanguage\":\"es\",\"potentialAction\":[{\"@type\":\"ReadAction\",\"target\":[\"https:\/\/cemolimpia.com\/es\/trabaja-con-nosotros\/\"]}]},{\"@type\":\"BreadcrumbList\",\"@id\":\"https:\/\/cemolimpia.com\/es\/trabaja-con-nosotros\/#breadcrumb\",\"itemListElement\":[{\"@type\":\"ListItem\",\"position\":1,\"name\":\"Club de P\u00e1del Barcelona CEM Ol\u00edmpia\",\"item\":\"https:\/\/cemolimpia.com\/es\/\"},{\"@type\":\"ListItem\",\"position\":2,\"name\":\"Trabaja con nosotros\"}]},{\"@type\":\"WebSite\",\"@id\":\"https:\/\/cemolimpia.com\/es\/#website\",\"url\":\"https:\/\/cemolimpia.com\/es\/\",\"name\":\"CEM Ol\u00edmpia\",\"description\":\"CEM Ol\u00edmpia - Tenis i p\u00e0del a Barcelona\",\"publisher\":{\"@id\":\"https:\/\/cemolimpia.com\/es\/#organization\"},\"potentialAction\":[{\"@type\":\"SearchAction\",\"target\":{\"@type\":\"EntryPoint\",\"urlTemplate\":\"https:\/\/cemolimpia.com\/es\/?s={search_term_string}\"},\"query-input\":{\"@type\":\"PropertyValueSpecification\",\"valueRequired\":true,\"valueName\":\"search_term_string\"}}],\"inLanguage\":\"es\"},{\"@type\":\"Organization\",\"@id\":\"https:\/\/cemolimpia.com\/es\/#organization\",\"name\":\"CEM Ol\u00edmpia | Club de P\u00e1del Barcelona\",\"url\":\"https:\/\/cemolimpia.com\/es\/\",\"logo\":{\"@type\":\"ImageObject\",\"inLanguage\":\"es\",\"@id\":\"https:\/\/cemolimpia.com\/es\/#\/schema\/logo\/image\/\",\"url\":\"https:\/\/cemolimpia.com\/wp-content\/uploads\/sites\/32\/2022\/01\/logo-olimpia-horitzontal-online-web-desktop.png\",\"contentUrl\":\"https:\/\/cemolimpia.com\/wp-content\/uploads\/sites\/32\/2022\/01\/logo-olimpia-horitzontal-online-web-desktop.png\",\"width\":211,\"height\":76,\"caption\":\"CEM Ol\u00edmpia | Club de P\u00e1del Barcelona\"},\"image\":{\"@id\":\"https:\/\/cemolimpia.com\/es\/#\/schema\/logo\/image\/\"},\"sameAs\":[\"https:\/\/www.facebook.com\/cem.olimpia\",\"https:\/\/www.instagram.com\/cemolimpia\/\"]}]}<\/script>\n<!-- \/ Yoast SEO plugin. -->","yoast_head_json":{"title":"Trabaja con nosotros - CEM Ol\u00edmpia - P\u00e1del y Tenis en Sant Mart\u00ed","description":"Si eres t\u00e9cnico en Fitness o Licenciado en Educaci\u00f3n F\u00edsica, no lo pienses m\u00e1s y trabaja con nosotros. Env\u00edanos tu CV a nuestro mail...","robots":{"index":"index","follow":"follow","max-snippet":"max-snippet:-1","max-image-preview":"max-image-preview:large","max-video-preview":"max-video-preview:-1"},"canonical":"https:\/\/cemolimpia.com\/es\/trabaja-con-nosotros\/","og_locale":"es_ES","og_type":"article","og_title":"Trabaja con nosotros - CEM Ol\u00edmpia - P\u00e1del y Tenis en Sant Mart\u00ed","og_description":"Si eres t\u00e9cnico en Fitness o Licenciado en Educaci\u00f3n F\u00edsica, no lo pienses m\u00e1s y trabaja con nosotros. Env\u00edanos tu CV a nuestro mail...","og_url":"https:\/\/cemolimpia.com\/es\/trabaja-con-nosotros\/","og_site_name":"CEM Ol\u00edmpia","article_publisher":"https:\/\/www.facebook.com\/cem.olimpia","article_modified_time":"2023-05-08T15:18:38+00:00","twitter_card":"summary_large_image","twitter_misc":{"Tiempo de lectura":"1 minuto"},"schema":{"@context":"https:\/\/schema.org","@graph":[{"@type":"WebPage","@id":"https:\/\/cemolimpia.com\/es\/trabaja-con-nosotros\/","url":"https:\/\/cemolimpia.com\/es\/trabaja-con-nosotros\/","name":"Trabaja con nosotros - CEM Ol\u00edmpia - P\u00e1del y Tenis en Sant Mart\u00ed","isPartOf":{"@id":"https:\/\/cemolimpia.com\/es\/#website"},"datePublished":"2016-10-23T17:29:07+00:00","dateModified":"2023-05-08T15:18:38+00:00","description":"Si eres t\u00e9cnico en Fitness o Licenciado en Educaci\u00f3n F\u00edsica, no lo pienses m\u00e1s y trabaja con nosotros. Env\u00edanos tu CV a nuestro mail...","breadcrumb":{"@id":"https:\/\/cemolimpia.com\/es\/trabaja-con-nosotros\/#breadcrumb"},"inLanguage":"es","potentialAction":[{"@type":"ReadAction","target":["https:\/\/cemolimpia.com\/es\/trabaja-con-nosotros\/"]}]},{"@type":"BreadcrumbList","@id":"https:\/\/cemolimpia.com\/es\/trabaja-con-nosotros\/#breadcrumb","itemListElement":[{"@type":"ListItem","position":1,"name":"Club de P\u00e1del Barcelona CEM Ol\u00edmpia","item":"https:\/\/cemolimpia.com\/es\/"},{"@type":"ListItem","position":2,"name":"Trabaja con nosotros"}]},{"@type":"WebSite","@id":"https:\/\/cemolimpia.com\/es\/#website","url":"https:\/\/cemolimpia.com\/es\/","name":"CEM Ol\u00edmpia","description":"CEM Ol\u00edmpia - Tenis i p\u00e0del a Barcelona","publisher":{"@id":"https:\/\/cemolimpia.com\/es\/#organization"},"potentialAction":[{"@type":"SearchAction","target":{"@type":"EntryPoint","urlTemplate":"https:\/\/cemolimpia.com\/es\/?s={search_term_string}"},"query-input":{"@type":"PropertyValueSpecification","valueRequired":true,"valueName":"search_term_string"}}],"inLanguage":"es"},{"@type":"Organization","@id":"https:\/\/cemolimpia.com\/es\/#organization","name":"CEM Ol\u00edmpia | Club de P\u00e1del Barcelona","url":"https:\/\/cemolimpia.com\/es\/","logo":{"@type":"ImageObject","inLanguage":"es","@id":"https:\/\/cemolimpia.com\/es\/#\/schema\/logo\/image\/","url":"https:\/\/cemolimpia.com\/wp-content\/uploads\/sites\/32\/2022\/01\/logo-olimpia-horitzontal-online-web-desktop.png","contentUrl":"https:\/\/cemolimpia.com\/wp-content\/uploads\/sites\/32\/2022\/01\/logo-olimpia-horitzontal-online-web-desktop.png","width":211,"height":76,"caption":"CEM Ol\u00edmpia | Club de P\u00e1del Barcelona"},"image":{"@id":"https:\/\/cemolimpia.com\/es\/#\/schema\/logo\/image\/"},"sameAs":["https:\/\/www.facebook.com\/cem.olimpia","https:\/\/www.instagram.com\/cemolimpia\/"]}]}},"_links":{"self":[{"href":"https:\/\/cemolimpia.com\/es\/wp-json\/wp\/v2\/pages\/171","targetHints":{"allow":["GET"]}}],"collection":[{"href":"https:\/\/cemolimpia.com\/es\/wp-json\/wp\/v2\/pages"}],"about":[{"href":"https:\/\/cemolimpia.com\/es\/wp-json\/wp\/v2\/types\/page"}],"author":[{"embeddable":true,"href":"https:\/\/cemolimpia.com\/es\/wp-json\/wp\/v2\/users\/4"}],"replies":[{"embeddable":true,"href":"https:\/\/cemolimpia.com\/es\/wp-json\/wp\/v2\/comments?post=171"}],"version-history":[{"count":0,"href":"https:\/\/cemolimpia.com\/es\/wp-json\/wp\/v2\/pages\/171\/revisions"}],"wp:attachment":[{"href":"https:\/\/cemolimpia.com\/es\/wp-json\/wp\/v2\/media?parent=171"}],"curies":[{"name":"wp","href":"https:\/\/api.w.org\/{rel}","templated":true}]}}