{"id":124991,"date":"2024-11-28T13:52:58","date_gmt":"2024-11-28T12:52:58","guid":{"rendered":"https:\/\/cemolimpia.com\/?page_id=124991"},"modified":"2025-11-19T16:34:36","modified_gmt":"2025-11-19T15:34:36","slug":"normativa-reservas","status":"publish","type":"page","link":"https:\/\/cemolimpia.com\/es\/normativa-reservas\/","title":{"rendered":"Normativa reserva de pista de p\u00e1del y tenis"},"content":{"rendered":"\t\t<div data-elementor-type=\"wp-page\" data-elementor-id=\"124991\" class=\"elementor elementor-124991 elementor-124982\" data-elementor-post-type=\"page\">\n\t\t\t\t\t\t<section class=\"elementor-section elementor-top-section elementor-element elementor-element-53cb7a6 elementor-section-boxed elementor-section-height-default elementor-section-height-default\" data-id=\"53cb7a6\" data-element_type=\"section\" data-e-type=\"section\">\n\t\t\t\t\t\t<div class=\"elementor-container elementor-column-gap-default\">\n\t\t\t\t\t<div class=\"elementor-column elementor-col-100 elementor-top-column elementor-element elementor-element-e285fac\" data-id=\"e285fac\" data-element_type=\"column\" data-e-type=\"column\">\n\t\t\t<div class=\"elementor-widget-wrap elementor-element-populated\">\n\t\t\t\t\t\t<div class=\"elementor-element elementor-element-fd1feba elementor-widget elementor-widget-heading\" data-id=\"fd1feba\" data-element_type=\"widget\" data-e-type=\"widget\" data-widget_type=\"heading.default\">\n\t\t\t\t<div class=\"elementor-widget-container\">\n\t\t\t\t\t<h1 class=\"elementor-heading-title elementor-size-default\">Normativa reserva de pista de p\u00e1del y tenis<\/h1>\t\t\t\t<\/div>\n\t\t\t\t<\/div>\n\t\t\t\t<div class=\"elementor-element elementor-element-7b48b81 elementor-widget elementor-widget-heading\" data-id=\"7b48b81\" data-element_type=\"widget\" data-e-type=\"widget\" data-widget_type=\"heading.default\">\n\t\t\t\t<div class=\"elementor-widget-container\">\n\t\t\t\t\t<h2 class=\"elementor-heading-title elementor-size-default\">Normativa general<\/h2>\t\t\t\t<\/div>\n\t\t\t\t<\/div>\n\t\t\t\t<div class=\"elementor-element elementor-element-6fb788f elementor-icon-list--layout-traditional elementor-list-item-link-full_width elementor-widget elementor-widget-icon-list\" data-id=\"6fb788f\" data-element_type=\"widget\" data-e-type=\"widget\" data-widget_type=\"icon-list.default\">\n\t\t\t\t<div class=\"elementor-widget-container\">\n\t\t\t\t\t\t\t<ul class=\"elementor-icon-list-items\">\n\t\t\t\t\t\t\t<li class=\"elementor-icon-list-item\">\n\t\t\t\t\t\t\t\t\t\t\t<span class=\"elementor-icon-list-icon\">\n\t\t\t\t\t\t\t<i aria-hidden=\"true\" class=\"fas fa-chevron-circle-right\"><\/i>\t\t\t\t\t\t<\/span>\n\t\t\t\t\t\t\t\t\t\t<span class=\"elementor-icon-list-text\">El\/la usuario\/a puede hacer la reserva de pista con 48 horas de antelaci\u00f3n como m\u00e1ximo, v\u00eda web o app.<\/span>\n\t\t\t\t\t\t\t\t\t<\/li>\n\t\t\t\t\t\t\t\t<li class=\"elementor-icon-list-item\">\n\t\t\t\t\t\t\t\t\t\t\t<span class=\"elementor-icon-list-icon\">\n\t\t\t\t\t\t\t<i aria-hidden=\"true\" class=\"fas fa-chevron-circle-right\"><\/i>\t\t\t\t\t\t<\/span>\n\t\t\t\t\t\t\t\t\t\t<span class=\"elementor-icon-list-text\">El centro se reserva el derecho, para el buen funcionamiento, a reservar pista con m\u00e1s de 48 horas de antelaci\u00f3n.<\/span>\n\t\t\t\t\t\t\t\t\t<\/li>\n\t\t\t\t\t\t\t\t<li class=\"elementor-icon-list-item\">\n\t\t\t\t\t\t\t\t\t\t\t<span class=\"elementor-icon-list-icon\">\n\t\t\t\t\t\t\t<i aria-hidden=\"true\" class=\"fas fa-chevron-circle-right\"><\/i>\t\t\t\t\t\t<\/span>\n\t\t\t\t\t\t\t\t\t\t<span class=\"elementor-icon-list-text\">El pago completo de la pista se realizar\u00e1 obligatoriamente en el momento de la reserva. <\/span>\n\t\t\t\t\t\t\t\t\t<\/li>\n\t\t\t\t\t\t\t\t<li class=\"elementor-icon-list-item\">\n\t\t\t\t\t\t\t\t\t\t\t<span class=\"elementor-icon-list-icon\">\n\t\t\t\t\t\t\t<i aria-hidden=\"true\" class=\"fas fa-chevron-circle-right\"><\/i>\t\t\t\t\t\t<\/span>\n\t\t\t\t\t\t\t\t\t\t<span class=\"elementor-icon-list-text\">Para formalizar la reserva habr\u00e1 que anotar el nombre del jugador\/a titular. Se tendr\u00e1 que confirmar la asistencia de todos los\/as jugadores\/as antes de hacer uso de la reserva. <\/span>\n\t\t\t\t\t\t\t\t\t<\/li>\n\t\t\t\t\t\t\t\t<li class=\"elementor-icon-list-item\">\n\t\t\t\t\t\t\t\t\t\t\t<span class=\"elementor-icon-list-icon\">\n\t\t\t\t\t\t\t<i aria-hidden=\"true\" class=\"fas fa-chevron-circle-right\"><\/i>\t\t\t\t\t\t<\/span>\n\t\t\t\t\t\t\t\t\t\t<span class=\"elementor-icon-list-text\">La reserva de pista es por un m\u00e1ximo de 1,5 h\/d\u00eda. Superado este tiempo se tendr\u00e1 que abonar la cantidad que corresponda seg\u00fan el tiempo de reserva. <\/span>\n\t\t\t\t\t\t\t\t\t<\/li>\n\t\t\t\t\t\t\t\t<li class=\"elementor-icon-list-item\">\n\t\t\t\t\t\t\t\t\t\t\t<span class=\"elementor-icon-list-icon\">\n\t\t\t\t\t\t\t<i aria-hidden=\"true\" class=\"fas fa-chevron-circle-right\"><\/i>\t\t\t\t\t\t<\/span>\n\t\t\t\t\t\t\t\t\t\t<span class=\"elementor-icon-list-text\">No se permitir\u00e1 tener m\u00e1s de una reserva activa a la vez. <\/span>\n\t\t\t\t\t\t\t\t\t<\/li>\n\t\t\t\t\t\t\t\t<li class=\"elementor-icon-list-item\">\n\t\t\t\t\t\t\t\t\t\t\t<span class=\"elementor-icon-list-icon\">\n\t\t\t\t\t\t\t<i aria-hidden=\"true\" class=\"fas fa-chevron-circle-right\"><\/i>\t\t\t\t\t\t<\/span>\n\t\t\t\t\t\t\t\t\t\t<span class=\"elementor-icon-list-text\">Llegar tarde a la hora de inicio de la reserva no da derecho a finalizarla m\u00e1s tarde. El juego se limitar\u00e1 al tiempo reservado. <\/span>\n\t\t\t\t\t\t\t\t\t<\/li>\n\t\t\t\t\t\t\t\t<li class=\"elementor-icon-list-item\">\n\t\t\t\t\t\t\t\t\t\t\t<span class=\"elementor-icon-list-icon\">\n\t\t\t\t\t\t\t<i aria-hidden=\"true\" class=\"fas fa-chevron-circle-right\"><\/i>\t\t\t\t\t\t<\/span>\n\t\t\t\t\t\t\t\t\t\t<span class=\"elementor-icon-list-text\">Es obligatorio acceder a pistas con ropa y calzado deportivo y con el material espec\u00edfico para la pr\u00e1ctica del p\u00e1del\/tenis. No se permitir\u00e1 ning\u00fan jugador sin camiseta o con ropa y calzado inadecuado. <\/span>\n\t\t\t\t\t\t\t\t\t<\/li>\n\t\t\t\t\t\t\t\t<li class=\"elementor-icon-list-item\">\n\t\t\t\t\t\t\t\t\t\t\t<span class=\"elementor-icon-list-icon\">\n\t\t\t\t\t\t\t<i aria-hidden=\"true\" class=\"fas fa-chevron-circle-right\"><\/i>\t\t\t\t\t\t<\/span>\n\t\t\t\t\t\t\t\t\t\t<span class=\"elementor-icon-list-text\">La organizaci\u00f3n se reserva el derecho de modificar la pista reservada por la buena organizaci\u00f3n y gesti\u00f3n de reservas. <\/span>\n\t\t\t\t\t\t\t\t\t<\/li>\n\t\t\t\t\t\t\t\t<li class=\"elementor-icon-list-item\">\n\t\t\t\t\t\t\t\t\t\t\t<span class=\"elementor-icon-list-icon\">\n\t\t\t\t\t\t\t<i aria-hidden=\"true\" class=\"fas fa-chevron-circle-right\"><\/i>\t\t\t\t\t\t<\/span>\n\t\t\t\t\t\t\t\t\t\t<span class=\"elementor-icon-list-text\">La direcci\u00f3n de la instalaci\u00f3n determinar\u00e1 si el estado de las pistas es el id\u00f3neo para la pr\u00e1ctica deportiva.<\/span>\n\t\t\t\t\t\t\t\t\t<\/li>\n\t\t\t\t\t\t<\/ul>\n\t\t\t\t\t\t<\/div>\n\t\t\t\t<\/div>\n\t\t\t\t<div class=\"elementor-element elementor-element-5baafdc elementor-widget elementor-widget-text-editor\" data-id=\"5baafdc\" data-element_type=\"widget\" data-e-type=\"widget\" data-widget_type=\"text-editor.default\">\n\t\t\t\t<div class=\"elementor-widget-container\">\n\t\t\t\t\t\t\t\t\t<p>Recuerda que para reservar pista debes de estar registrado\/da. <strong><a href=\"https:\/\/cemolimpia.matchpoint.com.es\/Registro.aspx\">Reg\u00edstrate aqu\u00ed.<\/a><\/strong><\/p><p>Una vez te hayas registrado, para relacionarte con otros jugadores\/as lo puedes hacer desde tu \u00e1rea de cliente. En el men\u00fa de la izquierda, tienes que elegir <i>Mi c\u00edrculo<\/i> y, en la parte inferior, podr\u00e1s buscar jugadores\/as a <i>Buscar m\u00e1s amigos\/as<\/i>. Entonces, puedes indicar el nombre de tu amigo\/a\u00a0para enviarle una autorizaci\u00f3n. Tu amigo\/a\u00a0recibir\u00e1 la autorizaci\u00f3n y la tendr\u00e1 que aceptar.<\/p><div class=\"traductor-textarea form-group\"><div class=\"textarea-desti col-xs-12 col-sm-6\"><div class=\"form-control second-textarea\">Este proceso tambi\u00e9n lo puedes hacer desde el m\u00f3vil a trav\u00e9s de la app.<\/div><\/div><\/div>\t\t\t\t\t\t\t\t<\/div>\n\t\t\t\t<\/div>\n\t\t\t\t<div class=\"elementor-element elementor-element-390f60c elementor-widget elementor-widget-heading\" data-id=\"390f60c\" data-element_type=\"widget\" data-e-type=\"widget\" data-widget_type=\"heading.default\">\n\t\t\t\t<div class=\"elementor-widget-container\">\n\t\t\t\t\t<h2 class=\"elementor-heading-title elementor-size-default\">Anulaci\u00f3n de reservas<\/h2>\t\t\t\t<\/div>\n\t\t\t\t<\/div>\n\t\t\t\t<div class=\"elementor-element elementor-element-6a3f1f8 elementor-icon-list--layout-traditional elementor-list-item-link-full_width elementor-widget elementor-widget-icon-list\" data-id=\"6a3f1f8\" data-element_type=\"widget\" data-e-type=\"widget\" data-widget_type=\"icon-list.default\">\n\t\t\t\t<div class=\"elementor-widget-container\">\n\t\t\t\t\t\t\t<ul class=\"elementor-icon-list-items\">\n\t\t\t\t\t\t\t<li class=\"elementor-icon-list-item\">\n\t\t\t\t\t\t\t\t\t\t\t<span class=\"elementor-icon-list-icon\">\n\t\t\t\t\t\t\t<i aria-hidden=\"true\" class=\"fas fa-chevron-circle-right\"><\/i>\t\t\t\t\t\t<\/span>\n\t\t\t\t\t\t\t\t\t\t<span class=\"elementor-icon-list-text\">Si la anulaci\u00f3n se realiza en un tiempo superior a las 4 horas, el importe abonado se devolver\u00e1 al monedero del titular de la reserva. <\/span>\n\t\t\t\t\t\t\t\t\t<\/li>\n\t\t\t\t\t\t\t\t<li class=\"elementor-icon-list-item\">\n\t\t\t\t\t\t\t\t\t\t\t<span class=\"elementor-icon-list-icon\">\n\t\t\t\t\t\t\t<i aria-hidden=\"true\" class=\"fas fa-chevron-circle-right\"><\/i>\t\t\t\t\t\t<\/span>\n\t\t\t\t\t\t\t\t\t\t<span class=\"elementor-icon-list-text\">Si el club anula la reserva el importe abonado se devolver\u00e1 al monedero del titular de la reserva. <\/span>\n\t\t\t\t\t\t\t\t\t<\/li>\n\t\t\t\t\t\t\t\t<li class=\"elementor-icon-list-item\">\n\t\t\t\t\t\t\t\t\t\t\t<span class=\"elementor-icon-list-icon\">\n\t\t\t\t\t\t\t<i aria-hidden=\"true\" class=\"fas fa-chevron-circle-right\"><\/i>\t\t\t\t\t\t<\/span>\n\t\t\t\t\t\t\t\t\t\t<span class=\"elementor-icon-list-text\">En caso de no avisar con un m\u00ednimo de 4 horas de antelaci\u00f3n se har\u00e1 el pago total de la reserva. Si eres abonado\/a, recibir\u00e1s una sanci\u00f3n de <b>3 d\u00edas <\/b>sin jugar.<\/span>\n\t\t\t\t\t\t\t\t\t<\/li>\n\t\t\t\t\t\t<\/ul>\n\t\t\t\t\t\t<\/div>\n\t\t\t\t<\/div>\n\t\t\t\t\t<\/div>\n\t\t<\/div>\n\t\t\t\t\t<\/div>\n\t\t<\/section>\n\t\t\t\t<\/div>\n\t\t","protected":false},"excerpt":{"rendered":"<p>Normativa reserva de pista de p\u00e1del y tenis Normativa general El\/la usuario\/a puede hacer la reserva de pista con 48 horas de antelaci\u00f3n como m\u00e1ximo, v\u00eda web o app. El centro se reserva el derecho, para el buen funcionamiento, a reservar pista con m\u00e1s de 48 horas de antelaci\u00f3n. El pago completo de la pista&hellip;<\/p>\n","protected":false},"author":88,"featured_media":0,"parent":0,"menu_order":0,"comment_status":"closed","ping_status":"closed","template":"","meta":{"footnotes":""},"class_list":["post-124991","page","type-page","status-publish","hentry"],"yoast_head":"<!-- This site is optimized with the Yoast SEO plugin v26.8 - https:\/\/yoast.com\/product\/yoast-seo-wordpress\/ -->\n<title>Normativa reserva de pista p\u00e1del y tenis<\/title>\n<meta name=\"robots\" content=\"noindex, nofollow\" \/>\n<meta property=\"og:locale\" content=\"es_ES\" \/>\n<meta property=\"og:type\" content=\"article\" \/>\n<meta property=\"og:title\" content=\"Normativa reserva de pista p\u00e1del y tenis\" \/>\n<meta property=\"og:description\" content=\"Normativa reserva de pista de p\u00e1del y tenis Normativa general El\/la usuario\/a puede hacer la reserva de pista con 48 horas de antelaci\u00f3n como m\u00e1ximo, v\u00eda web o app. El centro se reserva el derecho, para el buen funcionamiento, a reservar pista con m\u00e1s de 48 horas de antelaci\u00f3n. El pago completo de la pista&hellip;\" \/>\n<meta property=\"og:url\" content=\"https:\/\/cemolimpia.com\/es\/normativa-reservas\/\" \/>\n<meta property=\"og:site_name\" content=\"CEM Ol\u00edmpia\" \/>\n<meta property=\"article:publisher\" content=\"https:\/\/www.facebook.com\/cem.olimpia\" \/>\n<meta property=\"article:modified_time\" content=\"2025-11-19T15:34:36+00:00\" \/>\n<meta name=\"twitter:card\" content=\"summary_large_image\" \/>\n<meta name=\"twitter:label1\" content=\"Tiempo de lectura\" \/>\n\t<meta name=\"twitter:data1\" content=\"2 minutos\" \/>\n<script type=\"application\/ld+json\" class=\"yoast-schema-graph\">{\"@context\":\"https:\/\/schema.org\",\"@graph\":[{\"@type\":\"WebPage\",\"@id\":\"https:\/\/cemolimpia.com\/es\/normativa-reservas\/\",\"url\":\"https:\/\/cemolimpia.com\/es\/normativa-reservas\/\",\"name\":\"Normativa reserva de pista p\u00e1del y tenis\",\"isPartOf\":{\"@id\":\"https:\/\/cemolimpia.com\/es\/#website\"},\"datePublished\":\"2024-11-28T12:52:58+00:00\",\"dateModified\":\"2025-11-19T15:34:36+00:00\",\"breadcrumb\":{\"@id\":\"https:\/\/cemolimpia.com\/es\/normativa-reservas\/#breadcrumb\"},\"inLanguage\":\"es\",\"potentialAction\":[{\"@type\":\"ReadAction\",\"target\":[\"https:\/\/cemolimpia.com\/es\/normativa-reservas\/\"]}]},{\"@type\":\"BreadcrumbList\",\"@id\":\"https:\/\/cemolimpia.com\/es\/normativa-reservas\/#breadcrumb\",\"itemListElement\":[{\"@type\":\"ListItem\",\"position\":1,\"name\":\"Club de P\u00e1del Barcelona CEM Ol\u00edmpia\",\"item\":\"https:\/\/cemolimpia.com\/es\/\"},{\"@type\":\"ListItem\",\"position\":2,\"name\":\"Normativa reserva de pista de p\u00e1del y tenis\"}]},{\"@type\":\"WebSite\",\"@id\":\"https:\/\/cemolimpia.com\/es\/#website\",\"url\":\"https:\/\/cemolimpia.com\/es\/\",\"name\":\"CEM Ol\u00edmpia\",\"description\":\"CEM Ol\u00edmpia - Tenis i p\u00e0del a Barcelona\",\"publisher\":{\"@id\":\"https:\/\/cemolimpia.com\/es\/#organization\"},\"potentialAction\":[{\"@type\":\"SearchAction\",\"target\":{\"@type\":\"EntryPoint\",\"urlTemplate\":\"https:\/\/cemolimpia.com\/es\/?s={search_term_string}\"},\"query-input\":{\"@type\":\"PropertyValueSpecification\",\"valueRequired\":true,\"valueName\":\"search_term_string\"}}],\"inLanguage\":\"es\"},{\"@type\":\"Organization\",\"@id\":\"https:\/\/cemolimpia.com\/es\/#organization\",\"name\":\"CEM Ol\u00edmpia | Club de P\u00e1del Barcelona\",\"url\":\"https:\/\/cemolimpia.com\/es\/\",\"logo\":{\"@type\":\"ImageObject\",\"inLanguage\":\"es\",\"@id\":\"https:\/\/cemolimpia.com\/es\/#\/schema\/logo\/image\/\",\"url\":\"https:\/\/cemolimpia.com\/wp-content\/uploads\/sites\/32\/2022\/01\/logo-olimpia-horitzontal-online-web-desktop.png\",\"contentUrl\":\"https:\/\/cemolimpia.com\/wp-content\/uploads\/sites\/32\/2022\/01\/logo-olimpia-horitzontal-online-web-desktop.png\",\"width\":211,\"height\":76,\"caption\":\"CEM Ol\u00edmpia | Club de P\u00e1del Barcelona\"},\"image\":{\"@id\":\"https:\/\/cemolimpia.com\/es\/#\/schema\/logo\/image\/\"},\"sameAs\":[\"https:\/\/www.facebook.com\/cem.olimpia\",\"https:\/\/www.instagram.com\/cemolimpia\/\"]}]}<\/script>\n<!-- \/ Yoast SEO plugin. -->","yoast_head_json":{"title":"Normativa reserva de pista p\u00e1del y tenis","robots":{"index":"noindex","follow":"nofollow"},"og_locale":"es_ES","og_type":"article","og_title":"Normativa reserva de pista p\u00e1del y tenis","og_description":"Normativa reserva de pista de p\u00e1del y tenis Normativa general El\/la usuario\/a puede hacer la reserva de pista con 48 horas de antelaci\u00f3n como m\u00e1ximo, v\u00eda web o app. El centro se reserva el derecho, para el buen funcionamiento, a reservar pista con m\u00e1s de 48 horas de antelaci\u00f3n. El pago completo de la pista&hellip;","og_url":"https:\/\/cemolimpia.com\/es\/normativa-reservas\/","og_site_name":"CEM Ol\u00edmpia","article_publisher":"https:\/\/www.facebook.com\/cem.olimpia","article_modified_time":"2025-11-19T15:34:36+00:00","twitter_card":"summary_large_image","twitter_misc":{"Tiempo de lectura":"2 minutos"},"schema":{"@context":"https:\/\/schema.org","@graph":[{"@type":"WebPage","@id":"https:\/\/cemolimpia.com\/es\/normativa-reservas\/","url":"https:\/\/cemolimpia.com\/es\/normativa-reservas\/","name":"Normativa reserva de pista p\u00e1del y tenis","isPartOf":{"@id":"https:\/\/cemolimpia.com\/es\/#website"},"datePublished":"2024-11-28T12:52:58+00:00","dateModified":"2025-11-19T15:34:36+00:00","breadcrumb":{"@id":"https:\/\/cemolimpia.com\/es\/normativa-reservas\/#breadcrumb"},"inLanguage":"es","potentialAction":[{"@type":"ReadAction","target":["https:\/\/cemolimpia.com\/es\/normativa-reservas\/"]}]},{"@type":"BreadcrumbList","@id":"https:\/\/cemolimpia.com\/es\/normativa-reservas\/#breadcrumb","itemListElement":[{"@type":"ListItem","position":1,"name":"Club de P\u00e1del Barcelona CEM Ol\u00edmpia","item":"https:\/\/cemolimpia.com\/es\/"},{"@type":"ListItem","position":2,"name":"Normativa reserva de pista de p\u00e1del y tenis"}]},{"@type":"WebSite","@id":"https:\/\/cemolimpia.com\/es\/#website","url":"https:\/\/cemolimpia.com\/es\/","name":"CEM Ol\u00edmpia","description":"CEM Ol\u00edmpia - Tenis i p\u00e0del a Barcelona","publisher":{"@id":"https:\/\/cemolimpia.com\/es\/#organization"},"potentialAction":[{"@type":"SearchAction","target":{"@type":"EntryPoint","urlTemplate":"https:\/\/cemolimpia.com\/es\/?s={search_term_string}"},"query-input":{"@type":"PropertyValueSpecification","valueRequired":true,"valueName":"search_term_string"}}],"inLanguage":"es"},{"@type":"Organization","@id":"https:\/\/cemolimpia.com\/es\/#organization","name":"CEM Ol\u00edmpia | Club de P\u00e1del Barcelona","url":"https:\/\/cemolimpia.com\/es\/","logo":{"@type":"ImageObject","inLanguage":"es","@id":"https:\/\/cemolimpia.com\/es\/#\/schema\/logo\/image\/","url":"https:\/\/cemolimpia.com\/wp-content\/uploads\/sites\/32\/2022\/01\/logo-olimpia-horitzontal-online-web-desktop.png","contentUrl":"https:\/\/cemolimpia.com\/wp-content\/uploads\/sites\/32\/2022\/01\/logo-olimpia-horitzontal-online-web-desktop.png","width":211,"height":76,"caption":"CEM Ol\u00edmpia | Club de P\u00e1del Barcelona"},"image":{"@id":"https:\/\/cemolimpia.com\/es\/#\/schema\/logo\/image\/"},"sameAs":["https:\/\/www.facebook.com\/cem.olimpia","https:\/\/www.instagram.com\/cemolimpia\/"]}]}},"_links":{"self":[{"href":"https:\/\/cemolimpia.com\/es\/wp-json\/wp\/v2\/pages\/124991","targetHints":{"allow":["GET"]}}],"collection":[{"href":"https:\/\/cemolimpia.com\/es\/wp-json\/wp\/v2\/pages"}],"about":[{"href":"https:\/\/cemolimpia.com\/es\/wp-json\/wp\/v2\/types\/page"}],"author":[{"embeddable":true,"href":"https:\/\/cemolimpia.com\/es\/wp-json\/wp\/v2\/users\/88"}],"replies":[{"embeddable":true,"href":"https:\/\/cemolimpia.com\/es\/wp-json\/wp\/v2\/comments?post=124991"}],"version-history":[{"count":3,"href":"https:\/\/cemolimpia.com\/es\/wp-json\/wp\/v2\/pages\/124991\/revisions"}],"predecessor-version":[{"id":132687,"href":"https:\/\/cemolimpia.com\/es\/wp-json\/wp\/v2\/pages\/124991\/revisions\/132687"}],"wp:attachment":[{"href":"https:\/\/cemolimpia.com\/es\/wp-json\/wp\/v2\/media?parent=124991"}],"curies":[{"name":"wp","href":"https:\/\/api.w.org\/{rel}","templated":true}]}}